{"id":412,"date":"2020-10-27T12:34:04","date_gmt":"2020-10-27T11:34:04","guid":{"rendered":"https:\/\/www.azti.es\/aztinnova\/?page_id=412"},"modified":"2021-08-05T13:10:59","modified_gmt":"2021-08-05T11:10:59","slug":"financiacion-ayudas","status":"publish","type":"page","link":"https:\/\/www.azti.es\/aztinnova\/financiacion-ayudas\/","title":{"rendered":"Financiaci\u00f3n"},"content":{"rendered":"<section class=\"wpb-content-wrapper\"><p>[vc_row content_placement=&#8221;middle&#8221; bg_type=&#8221;bg_color&#8221; bg_override=&#8221;full&#8221; seperator_enable=&#8221;seperator_enable_value&#8221; seperator_position=&#8221;bottom_seperator&#8221; icon_type=&#8221;selector&#8221; icon=&#8221;icomoon-the7-font-the7-arrow-05&#8243; icon_size=&#8221;20&#8243; icon_color=&#8221;#000000&#8243; bg_color_value=&#8221;rgba(0,0,0,0.06)&#8221; css=&#8221;.vc_custom_1604317725684{margin-top: -70px !important;padding-top: 20px !important;padding-bottom: 20px !important;}&#8221;][vc_column]<div id=\"ultimate-heading-846669df071f9e15f\" class=\"uvc-heading ult-adjust-bottom-margin ultimate-heading-846669df071f9e15f uvc-3851  uvc-heading-default-font-sizes\" data-hspacer=\"no_spacer\"  data-halign=\"center\" style=\"text-align:center\"><div class=\"uvc-heading-spacer no_spacer\" style=\"top\"><\/div><div class=\"uvc-main-heading ult-responsive\"  data-ultimate-target='.uvc-heading.ultimate-heading-846669df071f9e15f h1'  data-responsive-json-new='{\"font-size\":\"\",\"line-height\":\"\"}' ><h1 style=\"font-weight:bold;\">Financiaci\u00f3n<\/h1><\/div><\/div><div class=\"ult-spacer spacer-69df071f9e1a5\" data-id=\"69df071f9e1a5\" data-height=\"20\" data-height-mobile=\"20\" data-height-tab=\"20\" data-height-tab-portrait=\"20\" data-height-mobile-landscape=\"20\" style=\"clear:both;display:block;\"><\/div>[\/vc_column][\/vc_row][vc_row][vc_column width=&#8221;1\/6&#8243;][\/vc_column][vc_column width=&#8221;2\/3&#8243;]<div class=\"ult-spacer spacer-69df071f9e1c4\" data-id=\"69df071f9e1c4\" data-height=\"20\" data-height-mobile=\"20\" data-height-tab=\"20\" data-height-tab-portrait=\"20\" data-height-mobile-landscape=\"20\" style=\"clear:both;display:block;\"><\/div>[vc_column_text]<\/p>\n<p style=\"text-align: center;\">Si tienes un proyecto innovador puedes solicitarnos un asesoramiento especializado sobre los esquemas de financiaci\u00f3n p\u00fablica que m\u00e1s se adaptan a tus necesidades.<\/p>\n<p>[\/vc_column_text][\/vc_column][vc_column width=&#8221;1\/6&#8243;][\/vc_column][\/vc_row][vc_row content_placement=&#8221;middle&#8221; el_id=&#8221;filtrorow&#8221;][vc_column width=&#8221;5\/12&#8243;][vc_column_text]<\/p>\n<p style=\"text-align: right;\"><strong>\u00c1MBITO DE LA AYUDA<\/strong><\/p>\n<p>[\/vc_column_text][\/vc_column][vc_column width=&#8221;7\/12&#8243;][vc_column_text]<\/p>\n<div style=\"text-align: left;\"><form method='get'><select class='filtro' name='filtrotag[0]'><option value=''>\u00c1mbito territorial<\/option><option value='34'>Espa\u00f1a<\/option><option value='35'>Europa<\/option><option value='33'>Euskadi<\/option><\/select><select class='filtro' name='filtrotag[1]'><option value=''>Reto al que responde<\/option><option value='52'>Digitalizaci\u00f3n<\/option><option value='57'>Innovaci\u00f3n<\/option><option value='51'>Sostenibilidad<\/option><\/select><select class='filtro' name='filtrotag[2]'><option value=''>Sector<\/option><option value='41'>Agricultura<\/option><option value='43'>Cadena alimentaci\u00f3n<\/option><option value='38'>Ganader\u00eda<\/option><option value='37'>Pesca<\/option><\/select><select class='filtro' name='filtrotag[3]'><option value=''>Tipo de empresa<\/option><option value='42'>Grandes empresas<\/option><option value='40'>Pymes<\/option><\/select><\/form><script type='text\/javascript'>\n    jQuery(document).ready(function() {\n      jQuery('.filtro').on('change', function() {\n        this.form.submit();\n      });\n    });\n    <\/script><\/div>\n<p>[\/vc_column_text][\/vc_column][\/vc_row][vc_row full_width=&#8221;stretch_row_content&#8221; bg_type=&#8221;bg_color&#8221; bg_color_value=&#8221;#ffffff&#8221; css=&#8221;.vc_custom_1604318225996{margin-top: 0px !important;}&#8221;][vc_column][vc_column_text]<div class='news-main-container grid'><div class='grid-item post cat-1' style='background-image: url(https:\/\/www.azti.es\/aztinnova\/wp-content\/uploads\/2024\/11\/Estrategias-futuro-retail.jpg)'><a class='box' href='https:\/\/www.azti.es\/aztinnova\/financiacion\/colaboracion-publico-privada-2025\/'><span class='title'>Colaboraci\u00f3n P\u00fablico Privada 2025<\/span><span class='date'>27 de noviembre de 2025<\/span><span class='tag en_proceso'>Digitalizaci\u00f3n<\/span><span class='tag en_proceso'>Espa\u00f1a<\/span><span class='tag en_proceso'>Grandes empresas<\/span><span class='tag en_proceso'>Pymes<\/span><span class='tag en_proceso'>Sostenibilidad<\/span><\/a><\/div><div class='grid-item post cat-1' style='background-image: url(https:\/\/www.azti.es\/aztinnova\/wp-content\/uploads\/2020\/10\/puerto-1024x427.jpg)'><a class='box' href='https:\/\/www.azti.es\/aztinnova\/financiacion\/galp-2025\/'><span class='title'>GALP 2025<\/span><span class='date'>3 de noviembre de 2025<\/span><span class='tag en_proceso'>Euskadi<\/span><span class='tag en_proceso'>Pymes<\/span><\/a><\/div><div class='grid-item post cat-1' style='background-image: url(https:\/\/www.azti.es\/aztinnova\/wp-content\/uploads\/2024\/07\/Inteligencia-Artificial.jpg)'><a class='box' href='https:\/\/www.azti.es\/aztinnova\/financiacion\/digitalizacion-cadena-alimentaria-y-de-la-madera-2025\/'><span class='title'>Digitalizaci\u00f3n cadena alimentaria y de la madera 2025<\/span><span class='date'>18 de septiembre de 2025<\/span><span class='tag en_proceso'>Euskadi<\/span><span class='tag en_proceso'>Grandes empresas<\/span><span class='tag en_proceso'>Pymes<\/span><\/a><\/div><div class='grid-item post cat-1' style='background-image: url(https:\/\/www.azti.es\/aztinnova\/wp-content\/uploads\/2024\/08\/Inteligencia-artificial-en-la-innovacion-alimentaria.jpg)'><a class='box' href='https:\/\/www.azti.es\/aztinnova\/financiacion\/bdih-2025\/'><span class='title'>BDIH 2025<\/span><span class='date'>25 de agosto de 2025<\/span><span class='tag en_proceso'>Digitalizaci\u00f3n<\/span><span class='tag en_proceso'>Euskadi<\/span><span class='tag en_proceso'>Grandes empresas<\/span><span class='tag en_proceso'>Pymes<\/span><\/a><\/div><div class='grid-item post cat-1' style='background-image: url(https:\/\/www.azti.es\/aztinnova\/wp-content\/uploads\/2021\/04\/internacional5.jpg)'><a class='box' href='https:\/\/www.azti.es\/aztinnova\/financiacion\/innoglobal-2025\/'><span class='title'>INNOGLOBAL 2025<\/span><span class='date'>6 de agosto de 2025<\/span><span class='tag en_proceso'>Espa\u00f1a<\/span><span class='tag en_proceso'>Pymes<\/span><\/a><\/div><div class='grid-item post cat-1' style='background-image: url(https:\/\/www.azti.es\/aztinnova\/wp-content\/uploads\/2021\/04\/acuerdos-asociacion2.jpg)'><a class='box' href='https:\/\/www.azti.es\/aztinnova\/financiacion\/enpresak-babesten-2025\/'><span class='title'>Enpresak Babesten 2025<\/span><span class='date'>1 de agosto de 2025<\/span><span class='tag en_proceso'>asociaciones<\/span><span class='tag en_proceso'>microempresas<\/span><\/a><\/div><div class='grid-item post cat-1' style='background-image: url(https:\/\/www.azti.es\/aztinnova\/wp-content\/uploads\/2024\/08\/Inteligencia-artificial-para-posicionarse-en-el-mercado.jpg)'><a class='box' href='https:\/\/www.azti.es\/aztinnova\/financiacion\/redia-2025\/'><span class='title'>RedIA 2025<\/span><span class='date'>1 de agosto de 2025<\/span><span class='tag en_proceso'>Digitalizaci\u00f3n<\/span><span class='tag en_proceso'>Espa\u00f1a<\/span><span class='tag en_proceso'>Grandes empresas<\/span><span class='tag en_proceso'>Pymes<\/span><\/a><\/div><div class='grid-item post cat-1' style='background-image: url(https:\/\/www.azti.es\/aztinnova\/wp-content\/uploads\/2021\/04\/internacional4.jpg)'><a class='box' href='https:\/\/www.azti.es\/aztinnova\/financiacion\/gauzatu-internacional-2025\/'><span class='title'>Gauzatu Internacional 2025<\/span><span class='date'>15 de julio de 2025<\/span><span class='tag en_proceso'>Euskadi<\/span><span class='tag en_proceso'>Grandes empresas<\/span><span class='tag en_proceso'>Pymes<\/span><\/a><\/div><div class='grid-item post cat-1' style='background-image: url(https:\/\/www.azti.es\/aztinnova\/wp-content\/uploads\/2024\/08\/agricultura-regenerativa.jpg)'><a class='box' href='https:\/\/www.azti.es\/aztinnova\/financiacion\/etorkizuna-eraikiz-misioak-gipuzkoa-2025\/'><span class='title'>Etorkizuna Eraikiz Misioak Gipuzkoa 2025<\/span><span class='date'>7 de julio de 2025<\/span><span class='tag en_proceso'>Digitalizaci\u00f3n<\/span><span class='tag en_proceso'>Grandes empresas<\/span><span class='tag en_proceso'>Innovaci\u00f3n<\/span><span class='tag en_proceso'>Pymes<\/span><span class='tag en_proceso'>Sostenibilidad<\/span><span class='tag en_proceso'>alimentaci\u00f3n<\/span><span class='tag en_proceso'>Movilidad<\/span><\/a><\/div><div class='grid-item post cat-1' style='background-image: url(https:\/\/www.azti.es\/aztinnova\/wp-content\/uploads\/2020\/10\/empresa-1024x873.jpg)'><a class='box' href='https:\/\/www.azti.es\/aztinnova\/financiacion\/lehiatu-inversion-2025\/'><span class='title'>Lehiatu Inversi\u00f3n 2025<\/span><span class='date'>3 de julio de 2025<\/span><span class='tag en_proceso'>Cadena alimentaci\u00f3n<\/span><span class='tag en_proceso'>Euskadi<\/span><span class='tag en_proceso'>Pymes<\/span><span class='tag en_proceso'>Inversiones<\/span><\/a><\/div><div class='grid-item post cat-1' style='background-image: url(https:\/\/www.azti.es\/aztinnova\/wp-content\/uploads\/2020\/10\/verduras-1024x427.jpg)'><a class='box' href='https:\/\/www.azti.es\/aztinnova\/financiacion\/sukalberri-2025-gipuzkoa\/'><span class='title'>SukalBerri 2025 Gipuzkoa<\/span><span class='date'>2 de julio de 2025<\/span><span class='tag en_proceso'>Cadena alimentaci\u00f3n<\/span><span class='tag en_proceso'>Digitalizaci\u00f3n<\/span><span class='tag en_proceso'>Grandes empresas<\/span><span class='tag en_proceso'>Pymes<\/span><span class='tag en_proceso'>Sostenibilidad<\/span><\/a><\/div><div class='grid-item post cat-1' style='background-image: url(https:\/\/www.azti.es\/aztinnova\/wp-content\/uploads\/2022\/08\/Alimentacion-plant-based.jpg)'><a class='box' href='https:\/\/www.azti.es\/aztinnova\/financiacion\/entidades-asociativas-sector-agroalimentario-2025\/'><span class='title'>Entidades Asociativas Sector Agroalimentario 2025<\/span><span class='date'>1 de julio de 2025<\/span><span class='tag en_proceso'>Innovaci\u00f3n<\/span><\/a><\/div><\/div><div class='wp-pagenavi' role='navigation'>\n<span aria-current='page' class='current'>1<\/span><a class=\"page larger\" title=\"P\u00e1gina 2\" href=\"https:\/\/www.azti.es\/aztinnova\/wp-json\/wp\/v2\/pages\/412\/page\/2\/\">2<\/a><a class=\"page larger\" title=\"P\u00e1gina 3\" href=\"https:\/\/www.azti.es\/aztinnova\/wp-json\/wp\/v2\/pages\/412\/page\/3\/\">3<\/a><a class=\"page larger\" title=\"P\u00e1gina 4\" href=\"https:\/\/www.azti.es\/aztinnova\/wp-json\/wp\/v2\/pages\/412\/page\/4\/\">4<\/a><a class=\"page larger\" title=\"P\u00e1gina 5\" href=\"https:\/\/www.azti.es\/aztinnova\/wp-json\/wp\/v2\/pages\/412\/page\/5\/\">5<\/a><span class='extend'>...<\/span><a class=\"larger page\" title=\"P\u00e1gina 10\" href=\"https:\/\/www.azti.es\/aztinnova\/wp-json\/wp\/v2\/pages\/412\/page\/10\/\">10<\/a><a class=\"larger page\" title=\"P\u00e1gina 20\" href=\"https:\/\/www.azti.es\/aztinnova\/wp-json\/wp\/v2\/pages\/412\/page\/20\/\">20<\/a><span class='extend'>...<\/span><a class=\"nextpostslink\" rel=\"next\" aria-label=\"P\u00e1gina siguiente\" href=\"https:\/\/www.azti.es\/aztinnova\/wp-json\/wp\/v2\/pages\/412\/page\/2\/\">&#8594;<\/a>\n<\/div><style>\n      .grid-item { \n        width: calc(25% - 20px); \n        margin: 10px;\n      }\n      @media only screen and (max-width: 1600px) {\n        .grid-item { width: calc(33.33% - 20px); }\n      }\n      @media only screen and (max-width: 1300px) {\n        .grid-item { width: calc(50% - 20px); }\n      }\n      @media only screen and (max-width: 900px) {\n        .grid-item { width: calc(100% - 20px); }\n      }\n      .grid-item {\n          background: transparent none center center no-repeat;\n          background-size: cover;\n          min-height: 400px;\n      }\n      .grid-item a.box {\n          padding: 20px 20px 50px 20px;\n          display: block;\n          position: absolute;\n          background-color: #f5f5f5e6;\n          width: calc(100% - 160px);\n          height: 145px;\n          bottom: 0px;\n          right: 0px;\n          text-decoration: none;\n          color: #141414;\n          font-size: 13px;\n          line-height: 120%;\n          transition: background-color 0.3s;\n          \n      }\n      @media only screen and (max-width: 520px) {\n       \t.grid-item a.box {\n                 width: calc(100% - 40px);\n       \t}\t\n      }\n      \n      .grid-item a.box:hover {\n          background-color: #f5f5f5;\n      }\n      .grid-item a.box:before {\n          content: '+';\n          position: absolute;\n          font-size: 39px;\n          bottom: 15px;\n          left: 16px;\n          font-weight: 300;\n          transition: color 0.3s;\n      }\n      .grid-item a.box:hover:before {\n          color: #ffda00;\n      }\n      .grid-item a.box span {\n          font-weight: 700;\n          font-size: 18px;\n          line-height: 22px;\n          display: block;\n          margin-bottom: 10px;\n      }\n      .grid-item a.box span.subtitle {\n          font-weight: 500;\n          font-size: 14px;\n          line-height: 18px;\n      }\n      .grid-item a.box span.tag {\n          background-color: #ffda00;\n          padding: 3px 9px;\n          \/*border-radius: 9px;*\/\n          display: inline-block;\n          font-size: 12px;\n          position: relative;\n          margin-right: 4px;\n          text-transform: capitalize;\n      }\n      .grid-item a.box span.tag.terminado {\n          color: #ffffff;\n          background-color: #000000;\n      }\n      .grid-item a.box span.tag:before {\n          content: ' ';\n          border-style: solid;\n          border-width: 0 10px 10px 0;\n          border-color: transparent #000000 transparent transparent;\n          position: absolute;\n          top: 0px;\n          right: 0px;\n      }\n      .grid-item a.box span.tag.terminado:before {\n          border-color: transparent #ffda00 transparent transparent;\n      }\n      .grid-item a.box span.text,\n      .grid-item a.box span.date {\n          font-weight: 300;\n          font-size: 14px;\n          margin-bottomn: 0px;\n          line-height: 18px;\n      }\n    <\/style>[\/vc_column_text]<div class=\"ult-spacer spacer-69df071fa90e5\" data-id=\"69df071fa90e5\" data-height=\"20\" data-height-mobile=\"20\" data-height-tab=\"20\" data-height-tab-portrait=\"20\" data-height-mobile-landscape=\"20\" style=\"clear:both;display:block;\"><\/div>[\/vc_column][\/vc_row][vc_row content_placement=&#8221;middle&#8221; bg_type=&#8221;image&#8221; parallax_style=&#8221;vcpb-default&#8221; bg_image_new=&#8221;id^555|url^https:\/\/www.azti.es\/aztinnova\/wp-content\/uploads\/2020\/11\/lechuga.jpg|caption^null|alt^null|title^lechuga|description^null&#8221; bg_image_repeat=&#8221;no-repeat&#8221; bg_image_posiiton=&#8221;center center&#8221; bg_override=&#8221;ex-full&#8221; css=&#8221;.vc_custom_1605691850207{margin-bottom: -70px !important;}&#8221; el_id=&#8221;banner&#8221;][vc_column width=&#8221;1\/6&#8243;][\/vc_column][vc_column width=&#8221;2\/3&#8243; css=&#8221;.vc_custom_1604312615876{padding-top: 30px !important;padding-right: 30px !important;padding-bottom: 30px !important;padding-left: 30px !important;background-color: rgba(255,255,255,0.83) !important;*background-color: rgb(255,255,255) !important;}&#8221;]<div class=\"ult-spacer spacer-69df071fa9105\" data-id=\"69df071fa9105\" data-height=\"40\" data-height-mobile=\"20\" data-height-tab=\"40\" data-height-tab-portrait=\"20\" data-height-mobile-landscape=\"20\" style=\"clear:both;display:block;\"><\/div>[vc_separator color=&#8221;custom&#8221; border_width=&#8221;4&#8243; el_width=&#8221;20&#8243; accent_color=&#8221;#000000&#8243;][vc_column_text css=&#8221;.vc_custom_1607682425125{padding-right: 10% !important;padding-left: 10% !important;}&#8221;]<\/p>\n<h2 style=\"text-align: center;\"><strong>AZTInnova es una comunidad exclusiva de innovaci\u00f3n y networking para la cadena de valor de la alimentaci\u00f3n que busca encontrar soluciones a los retos del sector.<\/strong><\/h2>\n<p>[\/vc_column_text][vc_separator color=&#8221;custom&#8221; border_width=&#8221;4&#8243; el_width=&#8221;20&#8243; accent_color=&#8221;#000000&#8243;]<div class=\"ult-spacer spacer-69df071fa911d\" data-id=\"69df071fa911d\" data-height=\"40\" data-height-mobile=\"20\" data-height-tab=\"40\" data-height-tab-portrait=\"20\" data-height-mobile-landscape=\"20\" style=\"clear:both;display:block;\"><\/div>[vc_row_inner content_placement=&#8221;middle&#8221;][vc_column_inner width=&#8221;1\/2&#8243;][vc_btn title=&#8221;SOBRE AZTINNOVA&#8221; style=&#8221;custom&#8221; custom_background=&#8221;#000000&#8243; custom_text=&#8221;#ffffff&#8221; shape=&#8221;square&#8221; align=&#8221;right&#8221; i_align=&#8221;right&#8221; i_icon_fontawesome=&#8221;fas fa-angle-right&#8221; add_icon=&#8221;true&#8221; link=&#8221;url:%2Faztinnova%2Fsobre-aztinnova%2F&#8221;][\/vc_column_inner][vc_column_inner width=&#8221;1\/2&#8243;][vc_btn title=&#8221;<b>CONT\u00c1CTENOS<\/b>&#8221; style=&#8221;outline-custom&#8221; outline_custom_color=&#8221;#000000&#8243; outline_custom_hover_background=&#8221;#ffda00&#8243; outline_custom_hover_text=&#8221;#000000&#8243; shape=&#8221;square&#8221; align=&#8221;left&#8221; i_align=&#8221;right&#8221; i_type=&#8221;openiconic&#8221; i_icon_openiconic=&#8221;vc-oi vc-oi-chat&#8221; add_icon=&#8221;true&#8221; link=&#8221;url:%2Faztinnova%2Fcontacto&#8221;][\/vc_column_inner][\/vc_row_inner]<div class=\"ult-spacer spacer-69df071fa9134\" data-id=\"69df071fa9134\" data-height=\"20\" data-height-mobile=\"20\" data-height-tab=\"20\" data-height-tab-portrait=\"20\" data-height-mobile-landscape=\"20\" style=\"clear:both;display:block;\"><\/div>[\/vc_column][vc_column width=&#8221;1\/6&#8243;][\/vc_column][\/vc_row]<\/p>\n<\/section>","protected":false},"excerpt":{"rendered":"<p>[vc_row content_placement=&#8221;middle&#8221; bg_type=&#8221;bg_color&#8221; bg_override=&#8221;full&#8221; seperator_enable=&#8221;seperator_enable_value&#8221; seperator_position=&#8221;bottom_seperator&#8221; icon_type=&#8221;selector&#8221; icon=&#8221;icomoon-the7-font-the7-arrow-05&#8243; icon_size=&#8221;20&#8243; icon_color=&#8221;#000000&#8243; bg_color_value=&#8221;rgba(0,0,0,0.06)&#8221; css=&#8221;.vc_custom_1604317725684{margin-top: -70px !important;padding-top: 20px !important;padding-bottom: 20px !important;}&#8221;][vc_column][\/vc_column][\/vc_row][vc_row][vc_column width=&#8221;1\/6&#8243;][\/vc_column][vc_column width=&#8221;2\/3&#8243;][vc_column_text] Si tienes un proyecto innovador puedes solicitarnos un asesoramiento especializado sobre los esquemas de financiaci\u00f3n p\u00fablica que m\u00e1s se adaptan a tus necesidades. [\/vc_column_text][\/vc_column][vc_column width=&#8221;1\/6&#8243;][\/vc_column][\/vc_row][vc_row content_placement=&#8221;middle&#8221; el_id=&#8221;filtrorow&#8221;][vc_column width=&#8221;5\/12&#8243;][vc_column_text] \u00c1MBITO DE LA AYUDA [\/vc_column_text][\/vc_column][vc_column width=&#8221;7\/12&#8243;][vc_column_text] [\/vc_column_text][\/vc_column][\/vc_row][vc_row&hellip;<\/p>\n","protected":false},"author":57,"featured_media":0,"parent":0,"menu_order":60,"comment_status":"closed","ping_status":"closed","template":"","meta":[],"yoast_head":"<!-- This site is optimized with the Yoast SEO plugin v20.2.1 - https:\/\/yoast.com\/wordpress\/plugins\/seo\/ -->\n<title>Financiaci\u00f3n - Aztinnova<\/title>\n<meta name=\"description\" content=\"Si tienes un proyecto innovador, solic\u00edtanos asesoramiento especializado sobre la financiaci\u00f3n p\u00fablica que m\u00e1s se adapta a tus necesidades\" \/>\n<meta name=\"robots\" content=\"index, follow, max-snippet:-1, max-image-preview:large, max-video-preview:-1\" \/>\n<link rel=\"canonical\" href=\"https:\/\/www.azti.es\/aztinnova\/financiacion-ayudas\/\" \/>\n<meta property=\"og:locale\" content=\"es_ES\" \/>\n<meta property=\"og:type\" content=\"article\" \/>\n<meta property=\"og:title\" content=\"Financiaci\u00f3n - Aztinnova\" \/>\n<meta property=\"og:description\" content=\"Si tienes un proyecto innovador, solic\u00edtanos asesoramiento especializado sobre la financiaci\u00f3n p\u00fablica que m\u00e1s se adapta a tus necesidades\" \/>\n<meta property=\"og:url\" content=\"https:\/\/www.azti.es\/aztinnova\/financiacion-ayudas\/\" \/>\n<meta property=\"og:site_name\" content=\"Aztinnova\" \/>\n<meta property=\"article:modified_time\" content=\"2021-08-05T11:10:59+00:00\" \/>\n<meta name=\"twitter:card\" content=\"summary_large_image\" \/>\n<meta name=\"twitter:label1\" content=\"Tiempo de lectura\" \/>\n\t<meta name=\"twitter:data1\" content=\"3 minutos\" \/>\n<script type=\"application\/ld+json\" class=\"yoast-schema-graph\">{\"@context\":\"https:\/\/schema.org\",\"@graph\":[{\"@type\":\"WebPage\",\"@id\":\"https:\/\/www.azti.es\/aztinnova\/financiacion-ayudas\/\",\"url\":\"https:\/\/www.azti.es\/aztinnova\/financiacion-ayudas\/\",\"name\":\"Financiaci\u00f3n - Aztinnova\",\"isPartOf\":{\"@id\":\"https:\/\/www.azti.es\/aztinnova\/#website\"},\"datePublished\":\"2020-10-27T11:34:04+00:00\",\"dateModified\":\"2021-08-05T11:10:59+00:00\",\"description\":\"Si tienes un proyecto innovador, solic\u00edtanos asesoramiento especializado sobre la financiaci\u00f3n p\u00fablica que m\u00e1s se adapta a tus necesidades\",\"inLanguage\":\"es\",\"potentialAction\":[{\"@type\":\"ReadAction\",\"target\":[\"https:\/\/www.azti.es\/aztinnova\/financiacion-ayudas\/\"]}]},{\"@type\":\"WebSite\",\"@id\":\"https:\/\/www.azti.es\/aztinnova\/#website\",\"url\":\"https:\/\/www.azti.es\/aztinnova\/\",\"name\":\"Aztinnova\",\"description\":\"Comunidad de innovaci\u00f3n y networking\",\"potentialAction\":[{\"@type\":\"SearchAction\",\"target\":{\"@type\":\"EntryPoint\",\"urlTemplate\":\"https:\/\/www.azti.es\/aztinnova\/?s={search_term_string}\"},\"query-input\":\"required name=search_term_string\"}],\"inLanguage\":\"es\"}]}<\/script>\n<!-- \/ Yoast SEO plugin. -->","yoast_head_json":{"title":"Financiaci\u00f3n - Aztinnova","description":"Si tienes un proyecto innovador, solic\u00edtanos asesoramiento especializado sobre la financiaci\u00f3n p\u00fablica que m\u00e1s se adapta a tus necesidades","robots":{"index":"index","follow":"follow","max-snippet":"max-snippet:-1","max-image-preview":"max-image-preview:large","max-video-preview":"max-video-preview:-1"},"canonical":"https:\/\/www.azti.es\/aztinnova\/financiacion-ayudas\/","og_locale":"es_ES","og_type":"article","og_title":"Financiaci\u00f3n - Aztinnova","og_description":"Si tienes un proyecto innovador, solic\u00edtanos asesoramiento especializado sobre la financiaci\u00f3n p\u00fablica que m\u00e1s se adapta a tus necesidades","og_url":"https:\/\/www.azti.es\/aztinnova\/financiacion-ayudas\/","og_site_name":"Aztinnova","article_modified_time":"2021-08-05T11:10:59+00:00","twitter_card":"summary_large_image","twitter_misc":{"Tiempo de lectura":"3 minutos"},"schema":{"@context":"https:\/\/schema.org","@graph":[{"@type":"WebPage","@id":"https:\/\/www.azti.es\/aztinnova\/financiacion-ayudas\/","url":"https:\/\/www.azti.es\/aztinnova\/financiacion-ayudas\/","name":"Financiaci\u00f3n - Aztinnova","isPartOf":{"@id":"https:\/\/www.azti.es\/aztinnova\/#website"},"datePublished":"2020-10-27T11:34:04+00:00","dateModified":"2021-08-05T11:10:59+00:00","description":"Si tienes un proyecto innovador, solic\u00edtanos asesoramiento especializado sobre la financiaci\u00f3n p\u00fablica que m\u00e1s se adapta a tus necesidades","inLanguage":"es","potentialAction":[{"@type":"ReadAction","target":["https:\/\/www.azti.es\/aztinnova\/financiacion-ayudas\/"]}]},{"@type":"WebSite","@id":"https:\/\/www.azti.es\/aztinnova\/#website","url":"https:\/\/www.azti.es\/aztinnova\/","name":"Aztinnova","description":"Comunidad de innovaci\u00f3n y networking","potentialAction":[{"@type":"SearchAction","target":{"@type":"EntryPoint","urlTemplate":"https:\/\/www.azti.es\/aztinnova\/?s={search_term_string}"},"query-input":"required name=search_term_string"}],"inLanguage":"es"}]}},"_links":{"self":[{"href":"https:\/\/www.azti.es\/aztinnova\/wp-json\/wp\/v2\/pages\/412"}],"collection":[{"href":"https:\/\/www.azti.es\/aztinnova\/wp-json\/wp\/v2\/pages"}],"about":[{"href":"https:\/\/www.azti.es\/aztinnova\/wp-json\/wp\/v2\/types\/page"}],"author":[{"embeddable":true,"href":"https:\/\/www.azti.es\/aztinnova\/wp-json\/wp\/v2\/users\/57"}],"replies":[{"embeddable":true,"href":"https:\/\/www.azti.es\/aztinnova\/wp-json\/wp\/v2\/comments?post=412"}],"version-history":[{"count":0,"href":"https:\/\/www.azti.es\/aztinnova\/wp-json\/wp\/v2\/pages\/412\/revisions"}],"wp:attachment":[{"href":"https:\/\/www.azti.es\/aztinnova\/wp-json\/wp\/v2\/media?parent=412"}],"curies":[{"name":"wp","href":"https:\/\/api.w.org\/{rel}","templated":true}]}}