{"id":410,"date":"2020-10-27T12:33:13","date_gmt":"2020-10-27T11:33:13","guid":{"rendered":"https:\/\/www.azti.es\/aztinnova\/?page_id=410"},"modified":"2023-12-19T15:22:12","modified_gmt":"2023-12-19T14:22:12","slug":"inspiracion","status":"publish","type":"page","link":"https:\/\/www.azti.es\/aztinnova\/inspiracion\/","title":{"rendered":"Inspiraci\u00f3n"},"content":{"rendered":"<section class=\"wpb-content-wrapper\"><p>[vc_row content_placement=&#8221;middle&#8221; bg_type=&#8221;bg_color&#8221; bg_override=&#8221;full&#8221; seperator_enable=&#8221;seperator_enable_value&#8221; seperator_position=&#8221;bottom_seperator&#8221; icon_type=&#8221;selector&#8221; icon=&#8221;icomoon-the7-font-the7-arrow-05&#8243; icon_size=&#8221;20&#8243; icon_color=&#8221;#000000&#8243; bg_color_value=&#8221;rgba(0,0,0,0.06)&#8221; css=&#8221;.vc_custom_1604317725684{margin-top: -70px !important;padding-top: 20px !important;padding-bottom: 20px !important;}&#8221;][vc_column]<div id=\"ultimate-heading-601869ebf0aa1f63b\" class=\"uvc-heading ult-adjust-bottom-margin ultimate-heading-601869ebf0aa1f63b uvc-3596  uvc-heading-default-font-sizes\" data-hspacer=\"no_spacer\"  data-halign=\"center\" style=\"text-align:center\"><div class=\"uvc-heading-spacer no_spacer\" style=\"top\"><\/div><div class=\"uvc-main-heading ult-responsive\"  data-ultimate-target='.uvc-heading.ultimate-heading-601869ebf0aa1f63b h1'  data-responsive-json-new='{\"font-size\":\"\",\"line-height\":\"\"}' ><h1 style=\"font-weight:bold;\">Inspiraci\u00f3n<\/h1><\/div><\/div><div class=\"ult-spacer spacer-69ebf0aa1f695\" data-id=\"69ebf0aa1f695\" data-height=\"20\" data-height-mobile=\"20\" data-height-tab=\"20\" data-height-tab-portrait=\"20\" data-height-mobile-landscape=\"20\" style=\"clear:both;display:block;\"><\/div>[\/vc_column][\/vc_row][vc_row][vc_column width=&#8221;1\/6&#8243;][\/vc_column][vc_column width=&#8221;2\/3&#8243;]<div class=\"ult-spacer spacer-69ebf0aa1f6b8\" data-id=\"69ebf0aa1f6b8\" data-height=\"20\" data-height-mobile=\"20\" data-height-tab=\"20\" data-height-tab-portrait=\"20\" data-height-mobile-landscape=\"20\" style=\"clear:both;display:block;\"><\/div>[vc_column_text]<\/p>\n<p style=\"text-align: center;\">Peque\u00f1as dosis de tendencias, <em>insights<\/em> del consumidor, resultados de estudios y de proyectos de investigaci\u00f3n, destacados de eventos, casos de \u00e9xito (y fracaso), innovaciones disruptivas, qu\u00e9 se cuece en las conversaciones en el mundo digital\u2026 para estar al d\u00eda, hacernos pensar, generar conversaciones, impulsarnos a la acci\u00f3n, o como chispa para la creatividad.<\/p>\n<p>[\/vc_column_text][\/vc_column][vc_column width=&#8221;1\/6&#8243;][\/vc_column][\/vc_row][vc_row][vc_column width=&#8221;1\/6&#8243;][\/vc_column][vc_column width=&#8221;2\/3&#8243;]<div class=\"ult-spacer spacer-69ebf0aa1f6d4\" data-id=\"69ebf0aa1f6d4\" data-height=\"20\" data-height-mobile=\"20\" data-height-tab=\"20\" data-height-tab-portrait=\"20\" data-height-mobile-landscape=\"20\" style=\"clear:both;display:block;\"><\/div>[vc_column_text]<\/p>\n<div style=\"text-align: center;\"><div class='filtrobotones'><a href='https:\/\/www.azti.es\/aztinnova\/inspiracion\/?filtro=noticia' class='filtro '>Noticia<\/a><\/div><style>\n    .filtrobotones {\n      text-align: center;\n    }\n\n    .filtrobotones a {\n      display: inline-block;\n      padding: 12px 12px 10px 12px;\n      text-transform: uppercase;\n      text-decoration: none;\n      color: #000;\n      font-weight: 700;\n      font-size: 14px;\n      line-height: 100%;\n      background-color: #ffda00;\n      margin: 5px;\n      transition: color 0.3s, bakcgorund 0.3s;\n    } \n    .filtrobotones a:hover, \n    .filtrobotones a.selected {\n      background: #000;\n      color: #ffda00;\n    }\n  <\/style><\/div>\n<p>[\/vc_column_text][\/vc_column][vc_column width=&#8221;1\/6&#8243;][\/vc_column][\/vc_row][vc_row full_width=&#8221;stretch_row_content&#8221; bg_type=&#8221;bg_color&#8221; bg_color_value=&#8221;#ffffff&#8221; css=&#8221;.vc_custom_1604318225996{margin-top: 0px !important;}&#8221;][vc_column][vc_column_text]<div class='news-main-container grid'><div class='grid-item post cat-18' style='background-image: url(https:\/\/www.azti.es\/aztinnova\/wp-content\/uploads\/2024\/11\/Tensiones-comerciales.jpg)'><a class='box' href='https:\/\/www.azti.es\/aztinnova\/noticia\/tensiones-comerciales-transatlanticas-el-impacto-de-los-aranceles-propuestos-por-trump\/'><span class='title'>Tensiones comerciales transatl\u00e1nticas: El impacto de los aranceles propuestos por Trump<\/span><span class='date'>15 de noviembre de 2024<\/span><\/a><\/div><div class='grid-item post cat-18' style='background-image: url(https:\/\/www.azti.es\/aztinnova\/wp-content\/uploads\/2024\/11\/Sostenibilidad-en-la-estrategia.jpg)'><a class='box' href='https:\/\/www.azti.es\/aztinnova\/noticia\/la-sostenibilidad-como-imperativo-estrategico-como-las-empresas-pueden-integrar-proposito-y-beneficio\/'><span class='title'>La sostenibilidad como imperativo estrat\u00e9gico: C\u00f3mo las empresas pueden integrar prop\u00f3sito y beneficio<\/span><span class='date'>14 de octubre de 2024<\/span><\/a><\/div><div class='grid-item post cat-18' style='background-image: url(https:\/\/www.azti.es\/aztinnova\/wp-content\/uploads\/2024\/11\/generacion-z.jpg)'><a class='box' href='https:\/\/www.azti.es\/aztinnova\/noticia\/comprender-a-la-generacion-z-como-las-empresas-pueden-adaptarse-a-las-demandas-de-una-nueva-generacion\/'><span class='title'>Comprender a la Generaci\u00f3n Z: c\u00f3mo las empresas pueden adaptarse a las demandas de una nueva generaci\u00f3n<\/span><span class='date'>25 de septiembre de 2024<\/span><\/a><\/div><div class='grid-item post cat-18' style='background-image: url(https:\/\/www.azti.es\/aztinnova\/wp-content\/uploads\/2024\/11\/Estrategias-futuro-retail.jpg)'><a class='box' href='https:\/\/www.azti.es\/aztinnova\/noticia\/navegando-la-incertidumbre-del-mercado-del-retail-estrategias-para-el-crecimiento\/'><span class='title'>Navegando la incertidumbre del mercado del retail: Estrategias para el crecimiento<\/span><span class='date'>12 de septiembre de 2024<\/span><\/a><\/div><div class='grid-item post cat-18' style='background-image: url(https:\/\/www.azti.es\/aztinnova\/wp-content\/uploads\/2024\/08\/insectos-como-ingrediente-alimentacion.jpg)'><a class='box' href='https:\/\/www.azti.es\/aztinnova\/noticia\/insectos-para-alimentacion-humana\/'><span class='title'>Insectos para alimentaci\u00f3n humana: un ingrediente cada vez m\u00e1s habitual en Europa<\/span><span class='date'>29 de agosto de 2024<\/span><\/a><\/div><div class='grid-item post cat-18' style='background-image: url(https:\/\/www.azti.es\/aztinnova\/wp-content\/uploads\/2024\/08\/agricultura-regenerativa.jpg)'><a class='box' href='https:\/\/www.azti.es\/aztinnova\/noticia\/impulsar-la-agricultura-regenerativa-entre-consumidores\/'><span class='title'>\u00bfC\u00f3mo incentivar a los consumidores a comprar productos elaborados a partir de la agricultura regenerativa?<\/span><span class='date'>5 de agosto de 2024<\/span><\/a><\/div><div class='grid-item post cat-18' style='background-image: url(https:\/\/www.azti.es\/aztinnova\/wp-content\/uploads\/2024\/08\/practicas-agricolas-regenerativas.jpg)'><a class='box' href='https:\/\/www.azti.es\/aztinnova\/noticia\/percepcion-sobre-practicas-agricolas-regenerativas\/'><span class='title'>La percepci\u00f3n de los consumidores europeos sobre las pr\u00e1cticas agr\u00edcolas regenerativas y su impacto en el mercado<\/span><span class='date'>24 de julio de 2024<\/span><\/a><\/div><div class='grid-item post cat-18' style='background-image: url(https:\/\/www.azti.es\/aztinnova\/wp-content\/uploads\/2024\/08\/Inteligencia-artificial-para-posicionarse-en-el-mercado.jpg)'><a class='box' href='https:\/\/www.azti.es\/aztinnova\/noticia\/5-claves-para-consolidarse-en-el-mercado-en-la-era-de-la-inteligencia-artificial\/'><span class='title'>5 claves para consolidarse en el mercado en la era de la inteligencia artificial<\/span><span class='date'>5 de julio de 2024<\/span><\/a><\/div><div class='grid-item post cat-18' style='background-image: url(https:\/\/www.azti.es\/aztinnova\/wp-content\/uploads\/2024\/08\/Inteligencia-artificial-en-la-innovacion-alimentaria.jpg)'><a class='box' href='https:\/\/www.azti.es\/aztinnova\/noticia\/como-impactara-la-inteligencia-artificial-en-la-innovacion-alimentaria\/'><span class='title'>\u00bfC\u00f3mo impactar\u00e1 la inteligencia artificial en la innovaci\u00f3n alimentaria?<\/span><span class='date'>27 de junio de 2024<\/span><\/a><\/div><div class='grid-item post cat-18' style='background-image: url(https:\/\/www.azti.es\/aztinnova\/wp-content\/uploads\/2024\/07\/Inteligencia-Artificial.jpg)'><a class='box' href='https:\/\/www.azti.es\/aztinnova\/noticia\/como-impactara-la-inteligencia-artificial-en-la-experiencia-de-compra-de-alimentos\/'><span class='title'>\u00bfC\u00f3mo impactar\u00e1 la inteligencia artificial en la experiencia de compra de alimentos?<\/span><span class='date'>20 de junio de 2024<\/span><\/a><\/div><div class='grid-item post cat-18' style='background-image: url(https:\/\/www.azti.es\/aztinnova\/wp-content\/uploads\/2024\/05\/informe-confianza-EIT-Food.jpg)'><a class='box' href='https:\/\/www.azti.es\/aztinnova\/noticia\/desciende-la-confianza-de-los-consumidores-en-el-sistema-alimentario\/'><span class='title'>Desciende la confianza de los consumidores en el sistema alimentario<\/span><span class='date'>20 de mayo de 2024<\/span><\/a><\/div><div class='grid-item post cat-18' style='background-image: url(https:\/\/www.azti.es\/aztinnova\/wp-content\/uploads\/2024\/04\/AZTInnova_F4F2024.jpg)'><a class='box' href='https:\/\/www.azti.es\/aztinnova\/noticia\/aztinnova-en-food-4-future-2024\/'><span class='title'>Un a\u00f1o m\u00e1s AZTInnova (y sus socios) en Food 4 Future<\/span><span class='date'>25 de abril de 2024<\/span><\/a><\/div><\/div><div class='wp-pagenavi' role='navigation'>\n<span aria-current='page' class='current'>1<\/span><a class=\"page larger\" title=\"P\u00e1gina 2\" href=\"https:\/\/www.azti.es\/aztinnova\/wp-json\/wp\/v2\/pages\/410\/page\/2\/\">2<\/a><a class=\"page larger\" title=\"P\u00e1gina 3\" href=\"https:\/\/www.azti.es\/aztinnova\/wp-json\/wp\/v2\/pages\/410\/page\/3\/\">3<\/a><a class=\"page larger\" title=\"P\u00e1gina 4\" href=\"https:\/\/www.azti.es\/aztinnova\/wp-json\/wp\/v2\/pages\/410\/page\/4\/\">4<\/a><a class=\"page larger\" title=\"P\u00e1gina 5\" href=\"https:\/\/www.azti.es\/aztinnova\/wp-json\/wp\/v2\/pages\/410\/page\/5\/\">5<\/a><span class='extend'>...<\/span><a class=\"nextpostslink\" rel=\"next\" aria-label=\"P\u00e1gina siguiente\" href=\"https:\/\/www.azti.es\/aztinnova\/wp-json\/wp\/v2\/pages\/410\/page\/2\/\">&#8594;<\/a>\n<\/div><style>\n      .grid-item { \n        width: calc(25% - 20px); \n        margin: 10px;\n      }\n      @media only screen and (max-width: 1600px) {\n        .grid-item { width: calc(33.33% - 20px); }\n      }\n      @media only screen and (max-width: 1300px) {\n        .grid-item { width: calc(50% - 20px); }\n      }\n      @media only screen and (max-width: 900px) {\n        .grid-item { width: calc(100% - 20px); }\n      }\n      .grid-item {\n          background: transparent none center center no-repeat;\n          background-size: cover;\n          min-height: 400px;\n      }\n      .grid-item a.box {\n          padding: 20px 20px 50px 20px;\n          display: block;\n          position: absolute;\n          background-color: #f5f5f5e6;\n          width: calc(100% - 160px);\n          height: 145px;\n          bottom: 0px;\n          right: 0px;\n          text-decoration: none;\n          color: #141414;\n          font-size: 13px;\n          line-height: 120%;\n          transition: background-color 0.3s;\n          \n      }\n      @media only screen and (max-width: 520px) {\n       \t.grid-item a.box {\n                 width: calc(100% - 40px);\n       \t}\t\n      }\n      \n      .grid-item a.box:hover {\n          background-color: #f5f5f5;\n      }\n      .grid-item a.box:before {\n          content: '+';\n          position: absolute;\n          font-size: 39px;\n          bottom: 15px;\n          left: 16px;\n          font-weight: 300;\n          transition: color 0.3s;\n      }\n      .grid-item a.box:hover:before {\n          color: #ffda00;\n      }\n      .grid-item a.box span {\n          font-weight: 700;\n          font-size: 18px;\n          line-height: 22px;\n          display: block;\n          margin-bottom: 10px;\n      }\n      .grid-item a.box span.subtitle {\n          font-weight: 500;\n          font-size: 14px;\n          line-height: 18px;\n      }\n      .grid-item a.box span.tag {\n          background-color: #ffda00;\n          padding: 3px 9px;\n          \/*border-radius: 9px;*\/\n          display: inline-block;\n          font-size: 12px;\n          position: relative;\n          margin-right: 4px;\n          text-transform: capitalize;\n      }\n      .grid-item a.box span.tag.terminado {\n          color: #ffffff;\n          background-color: #000000;\n      }\n      .grid-item a.box span.tag:before {\n          content: ' ';\n          border-style: solid;\n          border-width: 0 10px 10px 0;\n          border-color: transparent #000000 transparent transparent;\n          position: absolute;\n          top: 0px;\n          right: 0px;\n      }\n      .grid-item a.box span.tag.terminado:before {\n          border-color: transparent #ffda00 transparent transparent;\n      }\n      .grid-item a.box span.text,\n      .grid-item a.box span.date {\n          font-weight: 300;\n          font-size: 14px;\n          margin-bottomn: 0px;\n          line-height: 18px;\n      }\n    <\/style>[\/vc_column_text]<div class=\"ult-spacer spacer-69ebf0aa2461e\" data-id=\"69ebf0aa2461e\" data-height=\"20\" data-height-mobile=\"20\" data-height-tab=\"20\" data-height-tab-portrait=\"20\" data-height-mobile-landscape=\"20\" style=\"clear:both;display:block;\"><\/div>[\/vc_column][\/vc_row][vc_row content_placement=&#8221;middle&#8221; bg_type=&#8221;image&#8221; parallax_style=&#8221;vcpb-default&#8221; bg_image_new=&#8221;id^555|url^https:\/\/www.azti.es\/aztinnova\/wp-content\/uploads\/2020\/11\/lechuga.jpg|caption^null|alt^null|title^lechuga|description^null&#8221; bg_image_repeat=&#8221;no-repeat&#8221; bg_image_posiiton=&#8221;center center&#8221; bg_override=&#8221;ex-full&#8221; css=&#8221;.vc_custom_1605691861092{margin-bottom: -70px !important;}&#8221; el_id=&#8221;banner&#8221;][vc_column width=&#8221;1\/6&#8243;][\/vc_column][vc_column width=&#8221;2\/3&#8243; css=&#8221;.vc_custom_1604312615876{padding-top: 30px !important;padding-right: 30px !important;padding-bottom: 30px !important;padding-left: 30px !important;background-color: rgba(255,255,255,0.83) !important;*background-color: rgb(255,255,255) !important;}&#8221;]<div class=\"ult-spacer spacer-69ebf0aa2463f\" data-id=\"69ebf0aa2463f\" data-height=\"40\" data-height-mobile=\"20\" data-height-tab=\"40\" data-height-tab-portrait=\"20\" data-height-mobile-landscape=\"20\" style=\"clear:both;display:block;\"><\/div>[vc_separator color=&#8221;custom&#8221; border_width=&#8221;4&#8243; el_width=&#8221;20&#8243; accent_color=&#8221;#000000&#8243;][vc_column_text css=&#8221;.vc_custom_1607679830293{padding-right: 10% !important;padding-left: 10% !important;}&#8221;]<\/p>\n<h2 style=\"text-align: center;\"><strong>AZTInnova es una comunidad exclusiva de innovaci\u00f3n y networking para la cadena de valor de la alimentaci\u00f3n que busca encontrar soluciones a los retos del sector.<\/strong><\/h2>\n<p>[\/vc_column_text][vc_separator color=&#8221;custom&#8221; border_width=&#8221;4&#8243; el_width=&#8221;20&#8243; accent_color=&#8221;#000000&#8243;]<div class=\"ult-spacer spacer-69ebf0aa24659\" data-id=\"69ebf0aa24659\" data-height=\"40\" data-height-mobile=\"20\" data-height-tab=\"40\" data-height-tab-portrait=\"20\" data-height-mobile-landscape=\"20\" style=\"clear:both;display:block;\"><\/div>[vc_row_inner content_placement=&#8221;middle&#8221;][vc_column_inner width=&#8221;1\/2&#8243;][vc_btn title=&#8221;SOBRE AZTINNOVA&#8221; style=&#8221;custom&#8221; custom_background=&#8221;#000000&#8243; custom_text=&#8221;#ffffff&#8221; shape=&#8221;square&#8221; align=&#8221;right&#8221; i_align=&#8221;right&#8221; i_icon_fontawesome=&#8221;fas fa-angle-right&#8221; add_icon=&#8221;true&#8221; link=&#8221;url:%2Faztinnova%2Fsobre-aztinnova%2F&#8221;][\/vc_column_inner][vc_column_inner width=&#8221;1\/2&#8243;][vc_btn title=&#8221;<b>CONT\u00c1CTANOS<\/b>&#8221; style=&#8221;outline-custom&#8221; outline_custom_color=&#8221;#000000&#8243; outline_custom_hover_background=&#8221;#ffda00&#8243; outline_custom_hover_text=&#8221;#000000&#8243; shape=&#8221;square&#8221; align=&#8221;left&#8221; i_align=&#8221;right&#8221; i_type=&#8221;openiconic&#8221; i_icon_openiconic=&#8221;vc-oi vc-oi-chat&#8221; add_icon=&#8221;true&#8221; link=&#8221;url:%2Faztinnova%2Fcontacto&#8221;][\/vc_column_inner][\/vc_row_inner]<div class=\"ult-spacer spacer-69ebf0aa2467b\" data-id=\"69ebf0aa2467b\" data-height=\"20\" data-height-mobile=\"20\" data-height-tab=\"20\" data-height-tab-portrait=\"20\" data-height-mobile-landscape=\"20\" style=\"clear:both;display:block;\"><\/div>[\/vc_column][vc_column width=&#8221;1\/6&#8243;][\/vc_column][\/vc_row]<\/p>\n<\/section>","protected":false},"excerpt":{"rendered":"<p>[vc_row content_placement=&#8221;middle&#8221; bg_type=&#8221;bg_color&#8221; bg_override=&#8221;full&#8221; seperator_enable=&#8221;seperator_enable_value&#8221; seperator_position=&#8221;bottom_seperator&#8221; icon_type=&#8221;selector&#8221; icon=&#8221;icomoon-the7-font-the7-arrow-05&#8243; icon_size=&#8221;20&#8243; icon_color=&#8221;#000000&#8243; bg_color_value=&#8221;rgba(0,0,0,0.06)&#8221; css=&#8221;.vc_custom_1604317725684{margin-top: -70px !important;padding-top: 20px !important;padding-bottom: 20px !important;}&#8221;][vc_column][\/vc_column][\/vc_row][vc_row][vc_column width=&#8221;1\/6&#8243;][\/vc_column][vc_column width=&#8221;2\/3&#8243;][vc_column_text] Peque\u00f1as dosis de tendencias, insights del consumidor, resultados de estudios y de proyectos de investigaci\u00f3n, destacados de eventos, casos de \u00e9xito (y fracaso), innovaciones disruptivas, qu\u00e9 se cuece en las conversaciones en el mundo digital\u2026&hellip;<\/p>\n","protected":false},"author":57,"featured_media":0,"parent":0,"menu_order":50,"comment_status":"closed","ping_status":"closed","template":"","meta":[],"yoast_head":"<!-- This site is optimized with the Yoast SEO plugin v20.2.1 - https:\/\/yoast.com\/wordpress\/plugins\/seo\/ -->\n<title>Inspiraci\u00f3n - Aztinnova<\/title>\n<meta name=\"description\" content=\"Toda la informaci\u00f3n que necesitar para conocer mejor el entorno y desarrollar tus capacidades y conocimiento sobre la cadena alimentaria.\" \/>\n<meta name=\"robots\" content=\"index, follow, max-snippet:-1, max-image-preview:large, max-video-preview:-1\" \/>\n<link rel=\"canonical\" href=\"https:\/\/www.azti.es\/aztinnova\/inspiracion\/\" \/>\n<meta property=\"og:locale\" content=\"es_ES\" \/>\n<meta property=\"og:type\" content=\"article\" \/>\n<meta property=\"og:title\" content=\"Inspiraci\u00f3n - Aztinnova\" \/>\n<meta property=\"og:description\" content=\"Toda la informaci\u00f3n que necesitar para conocer mejor el entorno y desarrollar tus capacidades y conocimiento sobre la cadena alimentaria.\" \/>\n<meta property=\"og:url\" content=\"https:\/\/www.azti.es\/aztinnova\/inspiracion\/\" \/>\n<meta property=\"og:site_name\" content=\"Aztinnova\" \/>\n<meta property=\"article:modified_time\" content=\"2023-12-19T14:22:12+00:00\" \/>\n<meta name=\"twitter:card\" content=\"summary_large_image\" \/>\n<meta name=\"twitter:label1\" content=\"Tiempo de lectura\" \/>\n\t<meta name=\"twitter:data1\" content=\"2 minutos\" \/>\n<script type=\"application\/ld+json\" class=\"yoast-schema-graph\">{\"@context\":\"https:\/\/schema.org\",\"@graph\":[{\"@type\":\"WebPage\",\"@id\":\"https:\/\/www.azti.es\/aztinnova\/inspiracion\/\",\"url\":\"https:\/\/www.azti.es\/aztinnova\/inspiracion\/\",\"name\":\"Inspiraci\u00f3n - Aztinnova\",\"isPartOf\":{\"@id\":\"https:\/\/www.azti.es\/aztinnova\/#website\"},\"datePublished\":\"2020-10-27T11:33:13+00:00\",\"dateModified\":\"2023-12-19T14:22:12+00:00\",\"description\":\"Toda la informaci\u00f3n que necesitar para conocer mejor el entorno y desarrollar tus capacidades y conocimiento sobre la cadena alimentaria.\",\"inLanguage\":\"es\",\"potentialAction\":[{\"@type\":\"ReadAction\",\"target\":[\"https:\/\/www.azti.es\/aztinnova\/inspiracion\/\"]}]},{\"@type\":\"WebSite\",\"@id\":\"https:\/\/www.azti.es\/aztinnova\/#website\",\"url\":\"https:\/\/www.azti.es\/aztinnova\/\",\"name\":\"Aztinnova\",\"description\":\"Comunidad de innovaci\u00f3n y networking\",\"potentialAction\":[{\"@type\":\"SearchAction\",\"target\":{\"@type\":\"EntryPoint\",\"urlTemplate\":\"https:\/\/www.azti.es\/aztinnova\/?s={search_term_string}\"},\"query-input\":\"required name=search_term_string\"}],\"inLanguage\":\"es\"}]}<\/script>\n<!-- \/ Yoast SEO plugin. -->","yoast_head_json":{"title":"Inspiraci\u00f3n - Aztinnova","description":"Toda la informaci\u00f3n que necesitar para conocer mejor el entorno y desarrollar tus capacidades y conocimiento sobre la cadena alimentaria.","robots":{"index":"index","follow":"follow","max-snippet":"max-snippet:-1","max-image-preview":"max-image-preview:large","max-video-preview":"max-video-preview:-1"},"canonical":"https:\/\/www.azti.es\/aztinnova\/inspiracion\/","og_locale":"es_ES","og_type":"article","og_title":"Inspiraci\u00f3n - Aztinnova","og_description":"Toda la informaci\u00f3n que necesitar para conocer mejor el entorno y desarrollar tus capacidades y conocimiento sobre la cadena alimentaria.","og_url":"https:\/\/www.azti.es\/aztinnova\/inspiracion\/","og_site_name":"Aztinnova","article_modified_time":"2023-12-19T14:22:12+00:00","twitter_card":"summary_large_image","twitter_misc":{"Tiempo de lectura":"2 minutos"},"schema":{"@context":"https:\/\/schema.org","@graph":[{"@type":"WebPage","@id":"https:\/\/www.azti.es\/aztinnova\/inspiracion\/","url":"https:\/\/www.azti.es\/aztinnova\/inspiracion\/","name":"Inspiraci\u00f3n - Aztinnova","isPartOf":{"@id":"https:\/\/www.azti.es\/aztinnova\/#website"},"datePublished":"2020-10-27T11:33:13+00:00","dateModified":"2023-12-19T14:22:12+00:00","description":"Toda la informaci\u00f3n que necesitar para conocer mejor el entorno y desarrollar tus capacidades y conocimiento sobre la cadena alimentaria.","inLanguage":"es","potentialAction":[{"@type":"ReadAction","target":["https:\/\/www.azti.es\/aztinnova\/inspiracion\/"]}]},{"@type":"WebSite","@id":"https:\/\/www.azti.es\/aztinnova\/#website","url":"https:\/\/www.azti.es\/aztinnova\/","name":"Aztinnova","description":"Comunidad de innovaci\u00f3n y networking","potentialAction":[{"@type":"SearchAction","target":{"@type":"EntryPoint","urlTemplate":"https:\/\/www.azti.es\/aztinnova\/?s={search_term_string}"},"query-input":"required name=search_term_string"}],"inLanguage":"es"}]}},"_links":{"self":[{"href":"https:\/\/www.azti.es\/aztinnova\/wp-json\/wp\/v2\/pages\/410"}],"collection":[{"href":"https:\/\/www.azti.es\/aztinnova\/wp-json\/wp\/v2\/pages"}],"about":[{"href":"https:\/\/www.azti.es\/aztinnova\/wp-json\/wp\/v2\/types\/page"}],"author":[{"embeddable":true,"href":"https:\/\/www.azti.es\/aztinnova\/wp-json\/wp\/v2\/users\/57"}],"replies":[{"embeddable":true,"href":"https:\/\/www.azti.es\/aztinnova\/wp-json\/wp\/v2\/comments?post=410"}],"version-history":[{"count":2,"href":"https:\/\/www.azti.es\/aztinnova\/wp-json\/wp\/v2\/pages\/410\/revisions"}],"predecessor-version":[{"id":4888,"href":"https:\/\/www.azti.es\/aztinnova\/wp-json\/wp\/v2\/pages\/410\/revisions\/4888"}],"wp:attachment":[{"href":"https:\/\/www.azti.es\/aztinnova\/wp-json\/wp\/v2\/media?parent=410"}],"curies":[{"name":"wp","href":"https:\/\/api.w.org\/{rel}","templated":true}]}}