{"id":1903,"date":"2021-02-25T16:46:17","date_gmt":"2021-02-25T15:46:17","guid":{"rendered":"https:\/\/www.azti.es\/aztinnova\/?page_id=1903"},"modified":"2023-12-14T07:55:29","modified_gmt":"2023-12-14T06:55:29","slug":"derechos-obligaciones-y-reglas-de-conducta-de-las-empresas-asociadas","status":"publish","type":"page","link":"https:\/\/www.azti.es\/aztinnova\/derechos-obligaciones-y-reglas-de-conducta-de-las-empresas-asociadas\/","title":{"rendered":"Derechos, obligaciones y reglas de conducta de las empresas asociadas"},"content":{"rendered":"<section class=\"wpb-content-wrapper\"><p>[vc_row][vc_column][vc_column_text]<\/p>\n<h2><strong>1. Derechos de los socios<\/strong><\/h2>\n<p>Los socios de la plataforma AZTInnova tendr\u00e1n los siguientes derechos<\/p>\n<ul>\n<li>Conocer el presente Reglamento desde su adhesi\u00f3n a la plataforma AZTInnova, as\u00ed como las Memorias anuales que se vayan aprobando<\/li>\n<li><strong>Red colaborativa de networking de innovaci\u00f3n en Alimentaci\u00f3n<\/strong>: Participa, prop\u00f3n y forma parte de proyectos colaborativos junto con otras empresas para buscar soluciones a los Retos del sector.<\/li>\n<li><strong>Informes<\/strong> de vigilancia y prospectiva del sector e informes sectoriales.<\/li>\n<li><strong>Escaparate AZTInnova<\/strong>: apoyo visual a sus lanzamientos de productos dentro del showroom digital y f\u00edsico de AZTI.<\/li>\n<li><strong>Panel de consumidores<\/strong> para testar nuevos productos (de acuerdo a perfiles de base de AZTI).<\/li>\n<li><strong>Formaci\u00f3n<\/strong>: Preferencia y descuentos de suscripci\u00f3n en la asistencia a actividades de formaci\u00f3n (reuniones, foros y retos) organizadas por AZTInnova.<\/li>\n<li><strong>Financiaci\u00f3n p\u00fablica<\/strong>: informaci\u00f3n puntual sobre las ayudas vigentes y asesoramiento especializado sobre los esquemas de financiaci\u00f3n p\u00fablica que m\u00e1s se adaptan a sus necesidades.<\/li>\n<li><strong>Boletines informativos<\/strong>: resumen de los contenidos publicados en la plataforma para estar al d\u00eda de lo m\u00e1s innovador de la Red.<\/li>\n<\/ul>\n<h2><strong>2. Obligaciones de los socios<\/strong><\/h2>\n<p>Los socios de la plataforma AZTInnova deber\u00e1n cumplir y respetar \u00edntegramente todas las obligaciones descritas a continuaci\u00f3n:<\/p>\n<ul>\n<li>Mantener la<strong> confidencialidad de la informaci\u00f3n confidencial transmitida por la plataforma<\/strong> AZTInnova.<\/li>\n<li>Mantener la <strong>confidencialidad de la informaci\u00f3n compartida por los socios<\/strong> que haya sido obtenida a trav\u00e9s de la participaci\u00f3n en las diferentes actividades (reuniones, foros y retos) de la plataforma AZTInnova.<\/li>\n<li><strong>Cooperar en el desarrollo de actividades<\/strong> de la plataforma AZTInnova que requieran de participaci\u00f3n de los socios.<\/li>\n<li><strong>Participar en al menos una (1) acci\u00f3n de colaboraci\u00f3n con el sector<\/strong> por a\u00f1o propuestos por la plataforma AZTInnova.<\/li>\n<li><strong>Ceder su logo<\/strong> con la finalidad de ser utilizados en la p\u00e1gina web AZTInnova.<\/li>\n<li>Permitir el <strong>uso de las im\u00e1genes de socios<\/strong>, previa solicitud a las personas participantes en reuniones, foros, retos, masterclass en la p\u00e1gina web de AZTInnova.<\/li>\n<\/ul>\n<p>El env\u00edo de sus datos implicar\u00e1 el consentimiento expreso para que la Plataforma AZTInnova trate sus datos y haga las cesiones a todas las personas que sean necesarias para llevar a cabo las finalidades del fichero automatizado, solicitando su consentimiento expreso para cesi\u00f3n a terceros en caso de necesidad.<\/p>\n<p>Los datos facilitados ser\u00e1n utilizados con finalidad puramente organizativa. Podr\u00e1 ejercitar el derecho de acceso, rectificaci\u00f3n, cancelaci\u00f3n y oposici\u00f3n de los mismos enviando una solicitud a <a href=\"mailto:cidokiliz@azti.es\" target=\"_blank\" rel=\"noopener\"><strong>cidokiliz@azti.es <\/strong><\/a><\/p>\n<h2><strong>3. Reglas de Conducta Profesional y Buenas Pr\u00e1cticas<\/strong><\/h2>\n<p>La Confidencialidad de la Informaci\u00f3n que afecta a los socios de la plataforma AZTInnova y sus actividades se extiende a todos los \u00f3rganos que la forman, quedando todos sujetos a las condiciones estipuladas.<\/p>\n<p>Todos los socios de la plataforma est\u00e1n sujetos a la confidencialidad, a la transparencia y a la rendici\u00f3n de cuentas.<\/p>\n<p>Las partes se obligan a tratar confidencialmente, y a no reproducir, publicar ni difundir ninguna informaci\u00f3n comercial, financiera ni t\u00e9cnica confidencial que puedan conocer de la plataforma AZTInnova y de los socios. Una vez extinguida la relaci\u00f3n con la plataforma AZTInnova, el socio borrar\u00e1 y destruir\u00e1 toda la informaci\u00f3n que sobre la presente relaci\u00f3n haya almacenado en cualquier soporte o haya reproducido por cualquier procedimiento, exceptuando la que legalmente est\u00e9n obligados a conservar. Ambas partes se comprometen a guardar el m\u00e1s absoluto secreto respecto de los datos de car\u00e1cter personal a que tengan acceso en cumplimiento del presente contrato y a observar todas las previsiones legales que se contienen en la Ley Org\u00e1nica 15\/1999 y Ley Org\u00e1nica 3\/2018 de protecci\u00f3n de los datos de car\u00e1cter personal. En particular, se comprometen a no aplicar o utilizar los datos de car\u00e1cter personal obtenidos o aquellos a los que hayan tenido acceso con fin distinto al que figura en la presente adhesi\u00f3n, ni a cederlos, ni siquiera para su conservaci\u00f3n, a otras personas.[\/vc_column_text][\/vc_column][\/vc_row]<\/p>\n<\/section>","protected":false},"excerpt":{"rendered":"<p>[vc_row][vc_column][vc_column_text] 1. Derechos de los socios Los socios de la plataforma AZTInnova tendr\u00e1n los siguientes derechos Conocer el presente Reglamento desde su adhesi\u00f3n a la plataforma AZTInnova, as\u00ed como las Memorias anuales que se vayan aprobando Red colaborativa de networking de innovaci\u00f3n en Alimentaci\u00f3n: Participa, prop\u00f3n y forma parte de proyectos colaborativos junto con otras&hellip;<\/p>\n","protected":false},"author":57,"featured_media":0,"parent":0,"menu_order":1010,"comment_status":"closed","ping_status":"closed","template":"","meta":[],"yoast_head":"<!-- This site is optimized with the Yoast SEO plugin v20.2.1 - https:\/\/yoast.com\/wordpress\/plugins\/seo\/ -->\n<title>Derechos, obligaciones y reglas de conducta de las empresas asociadas - Aztinnova<\/title>\n<meta name=\"description\" content=\"Las empresas que se quieran sumar a AZTInnova deber\u00e1n conocer y aprobar los derechos, obligaciones y reglas de conducta de la plataforma\" \/>\n<meta name=\"robots\" content=\"index, follow, max-snippet:-1, max-image-preview:large, max-video-preview:-1\" \/>\n<link rel=\"canonical\" href=\"https:\/\/www.azti.es\/aztinnova\/derechos-obligaciones-y-reglas-de-conducta-de-las-empresas-asociadas\/\" \/>\n<meta property=\"og:locale\" content=\"es_ES\" \/>\n<meta property=\"og:type\" content=\"article\" \/>\n<meta property=\"og:title\" content=\"Derechos, obligaciones y reglas de conducta de las empresas asociadas - Aztinnova\" \/>\n<meta property=\"og:description\" content=\"Las empresas que se quieran sumar a AZTInnova deber\u00e1n conocer y aprobar los derechos, obligaciones y reglas de conducta de la plataforma\" \/>\n<meta property=\"og:url\" content=\"https:\/\/www.azti.es\/aztinnova\/derechos-obligaciones-y-reglas-de-conducta-de-las-empresas-asociadas\/\" \/>\n<meta property=\"og:site_name\" content=\"Aztinnova\" \/>\n<meta property=\"article:modified_time\" content=\"2023-12-14T06:55:29+00:00\" \/>\n<meta name=\"twitter:card\" content=\"summary_large_image\" \/>\n<meta name=\"twitter:label1\" content=\"Tiempo de lectura\" \/>\n\t<meta name=\"twitter:data1\" content=\"3 minutos\" \/>\n<script type=\"application\/ld+json\" class=\"yoast-schema-graph\">{\"@context\":\"https:\/\/schema.org\",\"@graph\":[{\"@type\":\"WebPage\",\"@id\":\"https:\/\/www.azti.es\/aztinnova\/derechos-obligaciones-y-reglas-de-conducta-de-las-empresas-asociadas\/\",\"url\":\"https:\/\/www.azti.es\/aztinnova\/derechos-obligaciones-y-reglas-de-conducta-de-las-empresas-asociadas\/\",\"name\":\"Derechos, obligaciones y reglas de conducta de las empresas asociadas - Aztinnova\",\"isPartOf\":{\"@id\":\"https:\/\/www.azti.es\/aztinnova\/#website\"},\"datePublished\":\"2021-02-25T15:46:17+00:00\",\"dateModified\":\"2023-12-14T06:55:29+00:00\",\"description\":\"Las empresas que se quieran sumar a AZTInnova deber\u00e1n conocer y aprobar los derechos, obligaciones y reglas de conducta de la plataforma\",\"inLanguage\":\"es\",\"potentialAction\":[{\"@type\":\"ReadAction\",\"target\":[\"https:\/\/www.azti.es\/aztinnova\/derechos-obligaciones-y-reglas-de-conducta-de-las-empresas-asociadas\/\"]}]},{\"@type\":\"WebSite\",\"@id\":\"https:\/\/www.azti.es\/aztinnova\/#website\",\"url\":\"https:\/\/www.azti.es\/aztinnova\/\",\"name\":\"Aztinnova\",\"description\":\"Comunidad de innovaci\u00f3n y networking\",\"potentialAction\":[{\"@type\":\"SearchAction\",\"target\":{\"@type\":\"EntryPoint\",\"urlTemplate\":\"https:\/\/www.azti.es\/aztinnova\/?s={search_term_string}\"},\"query-input\":\"required name=search_term_string\"}],\"inLanguage\":\"es\"}]}<\/script>\n<!-- \/ Yoast SEO plugin. -->","yoast_head_json":{"title":"Derechos, obligaciones y reglas de conducta de las empresas asociadas - Aztinnova","description":"Las empresas que se quieran sumar a AZTInnova deber\u00e1n conocer y aprobar los derechos, obligaciones y reglas de conducta de la plataforma","robots":{"index":"index","follow":"follow","max-snippet":"max-snippet:-1","max-image-preview":"max-image-preview:large","max-video-preview":"max-video-preview:-1"},"canonical":"https:\/\/www.azti.es\/aztinnova\/derechos-obligaciones-y-reglas-de-conducta-de-las-empresas-asociadas\/","og_locale":"es_ES","og_type":"article","og_title":"Derechos, obligaciones y reglas de conducta de las empresas asociadas - Aztinnova","og_description":"Las empresas que se quieran sumar a AZTInnova deber\u00e1n conocer y aprobar los derechos, obligaciones y reglas de conducta de la plataforma","og_url":"https:\/\/www.azti.es\/aztinnova\/derechos-obligaciones-y-reglas-de-conducta-de-las-empresas-asociadas\/","og_site_name":"Aztinnova","article_modified_time":"2023-12-14T06:55:29+00:00","twitter_card":"summary_large_image","twitter_misc":{"Tiempo de lectura":"3 minutos"},"schema":{"@context":"https:\/\/schema.org","@graph":[{"@type":"WebPage","@id":"https:\/\/www.azti.es\/aztinnova\/derechos-obligaciones-y-reglas-de-conducta-de-las-empresas-asociadas\/","url":"https:\/\/www.azti.es\/aztinnova\/derechos-obligaciones-y-reglas-de-conducta-de-las-empresas-asociadas\/","name":"Derechos, obligaciones y reglas de conducta de las empresas asociadas - Aztinnova","isPartOf":{"@id":"https:\/\/www.azti.es\/aztinnova\/#website"},"datePublished":"2021-02-25T15:46:17+00:00","dateModified":"2023-12-14T06:55:29+00:00","description":"Las empresas que se quieran sumar a AZTInnova deber\u00e1n conocer y aprobar los derechos, obligaciones y reglas de conducta de la plataforma","inLanguage":"es","potentialAction":[{"@type":"ReadAction","target":["https:\/\/www.azti.es\/aztinnova\/derechos-obligaciones-y-reglas-de-conducta-de-las-empresas-asociadas\/"]}]},{"@type":"WebSite","@id":"https:\/\/www.azti.es\/aztinnova\/#website","url":"https:\/\/www.azti.es\/aztinnova\/","name":"Aztinnova","description":"Comunidad de innovaci\u00f3n y networking","potentialAction":[{"@type":"SearchAction","target":{"@type":"EntryPoint","urlTemplate":"https:\/\/www.azti.es\/aztinnova\/?s={search_term_string}"},"query-input":"required name=search_term_string"}],"inLanguage":"es"}]}},"_links":{"self":[{"href":"https:\/\/www.azti.es\/aztinnova\/wp-json\/wp\/v2\/pages\/1903"}],"collection":[{"href":"https:\/\/www.azti.es\/aztinnova\/wp-json\/wp\/v2\/pages"}],"about":[{"href":"https:\/\/www.azti.es\/aztinnova\/wp-json\/wp\/v2\/types\/page"}],"author":[{"embeddable":true,"href":"https:\/\/www.azti.es\/aztinnova\/wp-json\/wp\/v2\/users\/57"}],"replies":[{"embeddable":true,"href":"https:\/\/www.azti.es\/aztinnova\/wp-json\/wp\/v2\/comments?post=1903"}],"version-history":[{"count":1,"href":"https:\/\/www.azti.es\/aztinnova\/wp-json\/wp\/v2\/pages\/1903\/revisions"}],"predecessor-version":[{"id":4871,"href":"https:\/\/www.azti.es\/aztinnova\/wp-json\/wp\/v2\/pages\/1903\/revisions\/4871"}],"wp:attachment":[{"href":"https:\/\/www.azti.es\/aztinnova\/wp-json\/wp\/v2\/media?parent=1903"}],"curies":[{"name":"wp","href":"https:\/\/api.w.org\/{rel}","templated":true}]}}