{"id":1520,"date":"2020-11-19T15:06:19","date_gmt":"2020-11-19T14:06:19","guid":{"rendered":"https:\/\/www.azti.es\/aztinnova\/?page_id=1520"},"modified":"2021-08-05T13:10:27","modified_gmt":"2021-08-05T11:10:27","slug":"innovacion-abierta","status":"publish","type":"page","link":"https:\/\/www.azti.es\/aztinnova\/innovacion-abierta\/","title":{"rendered":"Innovaci\u00f3n abierta"},"content":{"rendered":"<section class=\"wpb-content-wrapper\"><p>[vc_row content_placement=&#8221;middle&#8221; bg_type=&#8221;bg_color&#8221; bg_override=&#8221;full&#8221; seperator_enable=&#8221;seperator_enable_value&#8221; seperator_position=&#8221;bottom_seperator&#8221; icon_type=&#8221;selector&#8221; icon=&#8221;icomoon-the7-font-the7-arrow-05&#8243; icon_size=&#8221;20&#8243; icon_color=&#8221;#000000&#8243; bg_color_value=&#8221;rgba(0,0,0,0.06)&#8221; css=&#8221;.vc_custom_1604317725684{margin-top: -70px !important;padding-top: 20px !important;padding-bottom: 20px !important;}&#8221;][vc_column]<div id=\"ultimate-heading-896269f5ccafda7d2\" class=\"uvc-heading ult-adjust-bottom-margin ultimate-heading-896269f5ccafda7d2 uvc-9262  uvc-heading-default-font-sizes\" data-hspacer=\"no_spacer\"  data-halign=\"center\" style=\"text-align:center\"><div class=\"uvc-heading-spacer no_spacer\" style=\"top\"><\/div><div class=\"uvc-main-heading ult-responsive\"  data-ultimate-target='.uvc-heading.ultimate-heading-896269f5ccafda7d2 h1'  data-responsive-json-new='{\"font-size\":\"\",\"line-height\":\"\"}' ><h1 style=\"font-weight:bold;\">Innovaci\u00f3n abierta<\/h1><\/div><\/div><div class=\"ult-spacer spacer-69f5ccafda81f\" data-id=\"69f5ccafda81f\" data-height=\"20\" data-height-mobile=\"20\" data-height-tab=\"20\" data-height-tab-portrait=\"20\" data-height-mobile-landscape=\"20\" style=\"clear:both;display:block;\"><\/div>[\/vc_column][\/vc_row][vc_row][vc_column]<div class=\"ult-spacer spacer-69f5ccafda842\" data-id=\"69f5ccafda842\" data-height=\"20\" data-height-mobile=\"20\" data-height-tab=\"20\" data-height-tab-portrait=\"20\" data-height-mobile-landscape=\"20\" style=\"clear:both;display:block;\"><\/div>[vc_row_inner][vc_column_inner width=&#8221;1\/2&#8243;][vc_column_text]En AZTI apostamos por en el<strong> conocimiento abierto y colaborativo<\/strong> como la principal palanca para construir un futuro m\u00e1s justo, saludable y sostenible.[\/vc_column_text][\/vc_column_inner][vc_column_inner width=&#8221;1\/2&#8243;][vc_column_text]La colaboraci\u00f3n de empresas, consumidores y sociedad es el eje fundamental sobre el cual trabajar conjuntamente tanto para <strong>dar respuesta a los grandes retos de la sociedad <\/strong>como para <strong>hacer desarrollos ad hoc para las empresas<\/strong>.\u00a0<strong>\u00bfConstruimos junto\/as el futuro?<\/strong>[\/vc_column_text][\/vc_column_inner][\/vc_row_inner]<div class=\"ult-spacer spacer-69f5ccafda860\" data-id=\"69f5ccafda860\" data-height=\"20\" data-height-mobile=\"20\" data-height-tab=\"20\" data-height-tab-portrait=\"20\" data-height-mobile-landscape=\"20\" style=\"clear:both;display:block;\"><\/div>[\/vc_column][\/vc_row][vc_row bg_type=&#8221;bg_color&#8221; bg_override=&#8221;ex-full&#8221; bg_color_value=&#8221;rgba(0,0,0,0.06)&#8221;][vc_column width=&#8221;1\/6&#8243;][\/vc_column][vc_column width=&#8221;2\/3&#8243;]<div class=\"ult-spacer spacer-69f5ccafda887\" data-id=\"69f5ccafda887\" data-height=\"0\" data-height-mobile=\"20\" data-height-tab=\"0\" data-height-tab-portrait=\"0\" data-height-mobile-landscape=\"20\" style=\"clear:both;display:block;\"><\/div><div class=\"ult-just-icon-wrapper   vc_custom_1604923029398\"><div class=\"align-icon\" style=\"text-align:center;\">\n<div class=\"aio-icon-img \" style=\"font-size:70px;display:inline-block;\" >\n\t<img class=\"img-icon\" alt=\"null\" src=\"https:\/\/www.azti.es\/aztinnova\/wp-content\/uploads\/2020\/10\/objetivo.png\"\/>\n<\/div><\/div><\/div><div class=\"ult-spacer spacer-69f5ccafdaaad\" data-id=\"69f5ccafdaaad\" data-height=\"20\" data-height-mobile=\"20\" data-height-tab=\"20\" data-height-tab-portrait=\"20\" data-height-mobile-landscape=\"20\" style=\"clear:both;display:block;\"><\/div><div id=\"ultimate-heading-276569f5ccafdaadc\" class=\"uvc-heading ult-adjust-bottom-margin ultimate-heading-276569f5ccafdaadc uvc-3825 \" data-hspacer=\"no_spacer\"  data-halign=\"center\" style=\"text-align:center\"><div class=\"uvc-heading-spacer no_spacer\" style=\"top\"><\/div><div class=\"uvc-main-heading ult-responsive\"  data-ultimate-target='.uvc-heading.ultimate-heading-276569f5ccafdaadc h3'  data-responsive-json-new='{\"font-size\":\"desktop:22px;\",\"line-height\":\"desktop:30px;\"}' ><h3 style=\"--font-weight:theme;\">Para buscar soluciones a estos grandes desaf\u00edos, plantearemos diferentes tipos de retos<\/h3><\/div><\/div><div class=\"ult-spacer spacer-69f5ccafdab06\" data-id=\"69f5ccafdab06\" data-height=\"30\" data-height-mobile=\"0\" data-height-tab=\"30\" data-height-tab-portrait=\"30\" data-height-mobile-landscape=\"0\" style=\"clear:both;display:block;\"><\/div>[\/vc_column][vc_column width=&#8221;1\/6&#8243;][\/vc_column][\/vc_row][vc_row full_width=&#8221;stretch_row_content&#8221; gap=&#8221;20&#8243; content_placement=&#8221;top&#8221; bg_type=&#8221;bg_color&#8221; bg_override=&#8221;ex-full&#8221; bg_color_value=&#8221;rgba(0,0,0,0.06)&#8221; css=&#8221;.vc_custom_1604924544580{padding-right: 3% !important;padding-bottom: 3% !important;padding-left: 3% !important;}&#8221;][vc_column width=&#8221;1\/3&#8243; css=&#8221;.vc_custom_1604924798705{border-top-width: 4px !important;border-right-width: 4px !important;border-bottom-width: 4px !important;border-left-width: 4px !important;padding-top: 20% !important;padding-right: 10% !important;padding-bottom: 10% !important;padding-left: 15% !important;background-color: #e5e5e5 !important;background-position: center !important;background-repeat: no-repeat !important;background-size: cover !important;border-left-color: #000000 !important;border-left-style: solid !important;border-right-color: #000000 !important;border-right-style: solid !important;border-top-color: #000000 !important;border-top-style: solid !important;border-bottom-color: #000000 !important;border-bottom-style: solid !important;}&#8221; offset=&#8221;vc_col-lg-4 vc_col-md-12 vc_col-xs-12&#8243;]<div class=\"ult-just-icon-wrapper  \"><div class=\"align-icon\" style=\"text-align:left;\">\n<div class=\"aio-icon-img \" style=\"font-size:70px;display:inline-block;\" >\n\t<img class=\"img-icon\" alt=\"null\" src=\"https:\/\/www.azti.es\/aztinnova\/wp-content\/uploads\/2020\/11\/retos-estrategicos.png\"\/>\n<\/div><\/div><\/div><div id=\"ultimate-heading-869f5ccafdacae\" class=\"uvc-heading ult-adjust-bottom-margin ultimate-heading-869f5ccafdacae uvc-5129  uvc-heading-default-font-sizes\" data-hspacer=\"line_only\"  data-halign=\"left\" style=\"text-align:left\"><div class=\"uvc-main-heading ult-responsive\"  data-ultimate-target='.uvc-heading.ultimate-heading-869f5ccafdacae h2'  data-responsive-json-new='{\"font-size\":\"\",\"line-height\":\"\"}' ><h2 style=\"font-weight:bold;\">RETOS ESTRAT\u00c9GICOS<\/h2><\/div><div class=\"uvc-sub-heading ult-responsive\"  data-ultimate-target='.uvc-heading.ultimate-heading-869f5ccafdacae .uvc-sub-heading '  data-responsive-json-new='{\"font-size\":\"\",\"line-height\":\"\"}'  style=\"font-weight:normal;\">(MEDIO-LARGO PLAZO)<\/div><div class=\"uvc-heading-spacer line_only\" style=\"margin-top:20px;margin-bottom:30px;height:4px;\"><span class=\"uvc-headings-line\" style=\"border-style:solid;border-bottom-width:4px;border-color:#000000;width:100px;\"><\/span><\/div><\/div>[vc_column_text]<\/p>\n<p style=\"text-align: left;\"><strong>Derivados de las macrotendencias del entorno <\/strong>que est\u00e1n impactando en el sistema alimentario.<\/p>\n<p>[\/vc_column_text]<div class=\"ult-spacer spacer-69f5ccafdacda\" data-id=\"69f5ccafdacda\" data-height=\"30\" data-height-mobile=\"15\" data-height-tab=\"30\" data-height-tab-portrait=\"30\" data-height-mobile-landscape=\"15\" style=\"clear:both;display:block;\"><\/div>[\/vc_column][vc_column width=&#8221;1\/3&#8243; css=&#8221;.vc_custom_1604925185823{border-top-width: 4px !important;border-right-width: 4px !important;border-bottom-width: 4px !important;border-left-width: 4px !important;padding-top: 20% !important;padding-right: 10% !important;padding-bottom: 10% !important;padding-left: 15% !important;background-color: #ffffff !important;border-left-color: #000000 !important;border-left-style: solid !important;border-right-color: #000000 !important;border-right-style: solid !important;border-top-color: #000000 !important;border-top-style: solid !important;border-bottom-color: #000000 !important;border-bottom-style: solid !important;}&#8221; offset=&#8221;vc_col-lg-4 vc_col-md-6 vc_col-xs-12&#8243;]<div class=\"ult-just-icon-wrapper  \"><div class=\"align-icon\" style=\"text-align:left;\">\n<div class=\"aio-icon-img \" style=\"font-size:70px;display:inline-block;\" >\n\t<img class=\"img-icon\" alt=\"null\" src=\"https:\/\/www.azti.es\/aztinnova\/wp-content\/uploads\/2020\/11\/icono-productos.png\"\/>\n<\/div><\/div><\/div><div id=\"ultimate-heading-153969f5ccafdae5c\" class=\"uvc-heading ult-adjust-bottom-margin ultimate-heading-153969f5ccafdae5c uvc-3619  uvc-heading-default-font-sizes\" data-hspacer=\"line_only\"  data-halign=\"left\" style=\"text-align:left\"><div class=\"uvc-main-heading ult-responsive\"  data-ultimate-target='.uvc-heading.ultimate-heading-153969f5ccafdae5c h2'  data-responsive-json-new='{\"font-size\":\"\",\"line-height\":\"\"}' ><h2 style=\"font-weight:bold;\">RETOS OPERATIVOS<\/h2><\/div><div class=\"uvc-sub-heading ult-responsive\"  data-ultimate-target='.uvc-heading.ultimate-heading-153969f5ccafdae5c .uvc-sub-heading '  data-responsive-json-new='{\"font-size\":\"\",\"line-height\":\"\"}'  style=\"font-weight:normal;\">(CORTO-MEDIO PLAZO)<\/div><div class=\"uvc-heading-spacer line_only\" style=\"margin-top:20px;margin-bottom:30px;height:4px;\"><span class=\"uvc-headings-line\" style=\"border-style:solid;border-bottom-width:4px;border-color:#000000;width:100px;\"><\/span><\/div><\/div>[vc_column_text]<strong>Innovaci\u00f3n \u00e1gil para responder a los retos actuales <\/strong>del sector agroalimentario.[\/vc_column_text]<div class=\"ult-spacer spacer-69f5ccafdae84\" data-id=\"69f5ccafdae84\" data-height=\"30\" data-height-mobile=\"15\" data-height-tab=\"30\" data-height-tab-portrait=\"30\" data-height-mobile-landscape=\"15\" style=\"clear:both;display:block;\"><\/div>[\/vc_column][vc_column css=&#8221;.vc_custom_1604925134983{border-top-width: 4px !important;border-right-width: 4px !important;border-bottom-width: 4px !important;border-left-width: 4px !important;padding-top: 20% !important;padding-right: 10% !important;padding-bottom: 10% !important;padding-left: 15% !important;background-color: #fcf5d6 !important;border-left-color: #000000 !important;border-left-style: solid !important;border-right-color: #000000 !important;border-right-style: solid !important;border-top-color: #000000 !important;border-top-style: solid !important;border-bottom-color: #000000 !important;border-bottom-style: solid !important;}&#8221; offset=&#8221;vc_col-lg-4 vc_col-md-6 vc_col-xs-12&#8243;]<div class=\"ult-just-icon-wrapper  \"><div class=\"align-icon\" style=\"text-align:left;\">\n<div class=\"aio-icon-img \" style=\"font-size:70px;display:inline-block;\" >\n\t<img class=\"img-icon\" alt=\"null\" src=\"https:\/\/www.azti.es\/aztinnova\/wp-content\/uploads\/2020\/11\/icono-gente.png\"\/>\n<\/div><\/div><\/div><div id=\"ultimate-heading-237669f5ccafdaffe\" class=\"uvc-heading ult-adjust-bottom-margin ultimate-heading-237669f5ccafdaffe uvc-2318  uvc-heading-default-font-sizes\" data-hspacer=\"line_only\"  data-halign=\"left\" style=\"text-align:left\"><div class=\"uvc-main-heading ult-responsive\"  data-ultimate-target='.uvc-heading.ultimate-heading-237669f5ccafdaffe h2'  data-responsive-json-new='{\"font-size\":\"\",\"line-height\":\"\"}' ><h2 style=\"font-weight:bold;\">RETOS SOCIALES<\/h2><\/div><div class=\"uvc-heading-spacer line_only\" style=\"margin-top:20px;margin-bottom:30px;height:4px;\"><span class=\"uvc-headings-line\" style=\"border-style:solid;border-bottom-width:4px;border-color:#000000;width:100px;\"><\/span><\/div><\/div>[vc_column_text]<strong>Derivados de los cambios en las tendencias de consumo y el comportamiento del consumidor<\/strong> con impacto en el sector.[\/vc_column_text]<div class=\"ult-spacer spacer-69f5ccafdb023\" data-id=\"69f5ccafdb023\" data-height=\"30\" data-height-mobile=\"15\" data-height-tab=\"30\" data-height-tab-portrait=\"30\" data-height-mobile-landscape=\"15\" style=\"clear:both;display:block;\"><\/div>[\/vc_column][\/vc_row][vc_row full_width=&#8221;stretch_row_content&#8221; bg_type=&#8221;bg_color&#8221; bg_color_value=&#8221;#ffffff&#8221; css=&#8221;.vc_custom_1604318225996{margin-top: 0px !important;}&#8221;][vc_column]<div class=\"ult-spacer spacer-69f5ccafdb03e\" data-id=\"69f5ccafdb03e\" data-height=\"30\" data-height-mobile=\"15\" data-height-tab=\"30\" data-height-tab-portrait=\"30\" data-height-mobile-landscape=\"15\" style=\"clear:both;display:block;\"><\/div><div id=\"ultimate-heading-287269f5ccafdb0d6\" class=\"uvc-heading ult-adjust-bottom-margin ultimate-heading-287269f5ccafdb0d6 uvc-5037  uvc-heading-default-font-sizes\" data-hspacer=\"line_with_icon\" data-hline_width=\"200\" data-hicon_type=\"selector\" data-hborder_style=\"solid\" data-hborder_height=\"2\" data-hborder_color=\"#ccc\" data-icon_width=\"20\" data-hfixer=\"10\"  data-halign=\"center\" style=\"text-align:center\"><div class=\"uvc-main-heading ult-responsive\"  data-ultimate-target='.uvc-heading.ultimate-heading-287269f5ccafdb0d6 h3'  data-responsive-json-new='{\"font-size\":\"\",\"line-height\":\"\"}' ><h3 style=\"--font-weight:theme;\">\u00daltimos retos<\/h3><\/div><div class=\"uvc-heading-spacer line_with_icon\" style=\"margin-top:10px;margin-bottom:40px;height:20px;\"><div class=\"ult-just-icon-wrapper  \"><div class=\"align-icon\" style=\"text-align:center;\">\n<div class=\"aio-icon none \"  style=\"color:#ffda00;font-size:20px;display:inline-block;\">\n\t<i class=\"icomoon-the7-font-the7-arrow-05\"><\/i>\n<\/div><\/div><\/div><\/div><\/div>[vc_column_text]<div class='news-main-container grid'><\/div><style>\n      .grid-item { \n        width: calc(25% - 20px); \n        margin: 10px;\n      }\n      @media only screen and (max-width: 1600px) {\n        .grid-item { width: calc(33.33% - 20px); }\n      }\n      @media only screen and (max-width: 1300px) {\n        .grid-item { width: calc(50% - 20px); }\n      }\n      @media only screen and (max-width: 900px) {\n        .grid-item { width: calc(100% - 20px); }\n      }\n      .grid-item {\n          background: transparent none center center no-repeat;\n          background-size: cover;\n          min-height: 400px;\n      }\n      .grid-item a.box {\n          padding: 20px 20px 50px 20px;\n          display: block;\n          position: absolute;\n          background-color: #f5f5f5e6;\n          width: calc(100% - 160px);\n          height: 145px;\n          bottom: 0px;\n          right: 0px;\n          text-decoration: none;\n          color: #141414;\n          font-size: 13px;\n          line-height: 120%;\n          transition: background-color 0.3s;\n          \n      }\n      @media only screen and (max-width: 520px) {\n       \t.grid-item a.box {\n                 width: calc(100% - 40px);\n       \t}\t\n      }\n      \n      .grid-item a.box:hover {\n          background-color: #f5f5f5;\n      }\n      .grid-item a.box:before {\n          content: '+';\n          position: absolute;\n          font-size: 39px;\n          bottom: 15px;\n          left: 16px;\n          font-weight: 300;\n          transition: color 0.3s;\n      }\n      .grid-item a.box:hover:before {\n          color: #ffda00;\n      }\n      .grid-item a.box span {\n          font-weight: 700;\n          font-size: 18px;\n          line-height: 22px;\n          display: block;\n          margin-bottom: 10px;\n      }\n      .grid-item a.box span.subtitle {\n          font-weight: 500;\n          font-size: 14px;\n          line-height: 18px;\n      }\n      .grid-item a.box span.tag {\n          background-color: #ffda00;\n          padding: 3px 9px;\n          \/*border-radius: 9px;*\/\n          display: inline-block;\n          font-size: 12px;\n          position: relative;\n          margin-right: 4px;\n          text-transform: capitalize;\n      }\n      .grid-item a.box span.tag.terminado {\n          color: #ffffff;\n          background-color: #000000;\n      }\n      .grid-item a.box span.tag:before {\n          content: ' ';\n          border-style: solid;\n          border-width: 0 10px 10px 0;\n          border-color: transparent #000000 transparent transparent;\n          position: absolute;\n          top: 0px;\n          right: 0px;\n      }\n      .grid-item a.box span.tag.terminado:before {\n          border-color: transparent #ffda00 transparent transparent;\n      }\n      .grid-item a.box span.text,\n      .grid-item a.box span.date {\n          font-weight: 300;\n          font-size: 14px;\n          margin-bottomn: 0px;\n          line-height: 18px;\n      }\n    <\/style>[\/vc_column_text][\/vc_column][\/vc_row][vc_row content_placement=&#8221;middle&#8221; disable_element=&#8221;yes&#8221; bg_type=&#8221;image&#8221; parallax_style=&#8221;vcpb-default&#8221; bg_image_new=&#8221;id^555|url^https:\/\/www.azti.es\/aztinnova\/wp-content\/uploads\/2020\/11\/lechuga.jpg|caption^null|alt^null|title^lechuga|description^null&#8221; bg_image_repeat=&#8221;no-repeat&#8221; bg_image_posiiton=&#8221;center center&#8221; bg_override=&#8221;ex-full&#8221; css=&#8221;.vc_custom_1604916269050{margin-bottom: -70px !important;}&#8221;][vc_column width=&#8221;1\/6&#8243;][\/vc_column][vc_column width=&#8221;2\/3&#8243; css=&#8221;.vc_custom_1604312615876{padding-top: 30px !important;padding-right: 30px !important;padding-bottom: 30px !important;padding-left: 30px !important;background-color: rgba(255,255,255,0.83) !important;*background-color: rgb(255,255,255) !important;}&#8221;]<div class=\"ult-spacer spacer-69f5ccafdb5a0\" data-id=\"69f5ccafdb5a0\" data-height=\"40\" data-height-mobile=\"20\" data-height-tab=\"40\" data-height-tab-portrait=\"20\" data-height-mobile-landscape=\"20\" style=\"clear:both;display:block;\"><\/div>[vc_separator color=&#8221;custom&#8221; border_width=&#8221;4&#8243; el_width=&#8221;20&#8243; accent_color=&#8221;#000000&#8243;][vc_column_text css=&#8221;.vc_custom_1604312660188{padding-right: 10% !important;padding-left: 10% !important;}&#8221;]<\/p>\n<h2 style=\"text-align: center;\"><strong>AZTInnova es una comunidad exclusiva de innovaci\u00f3n y networking para la cadena de valor de la alimentaci\u00f3n.<\/strong><\/h2>\n<p>[\/vc_column_text][vc_separator color=&#8221;custom&#8221; border_width=&#8221;4&#8243; el_width=&#8221;20&#8243; accent_color=&#8221;#000000&#8243;]<div class=\"ult-spacer spacer-69f5ccafdb5c1\" data-id=\"69f5ccafdb5c1\" data-height=\"40\" data-height-mobile=\"20\" data-height-tab=\"40\" data-height-tab-portrait=\"20\" data-height-mobile-landscape=\"20\" style=\"clear:both;display:block;\"><\/div>[vc_row_inner content_placement=&#8221;middle&#8221;][vc_column_inner width=&#8221;1\/2&#8243;][vc_btn title=&#8221;SOBRE AZTINNOVA&#8221; style=&#8221;custom&#8221; custom_background=&#8221;#000000&#8243; custom_text=&#8221;#ffffff&#8221; shape=&#8221;square&#8221; align=&#8221;right&#8221; i_align=&#8221;right&#8221; i_icon_fontawesome=&#8221;fas fa-angle-right&#8221; add_icon=&#8221;true&#8221; link=&#8221;url:%2Faztinnova%2Fsobre-aztinnova%2F&#8221;][\/vc_column_inner][vc_column_inner width=&#8221;1\/2&#8243;][vc_btn title=&#8221;<b>CONT\u00c1CTANOS<\/b>&#8221; style=&#8221;outline-custom&#8221; outline_custom_color=&#8221;#000000&#8243; outline_custom_hover_background=&#8221;#ffda00&#8243; outline_custom_hover_text=&#8221;#000000&#8243; shape=&#8221;square&#8221; align=&#8221;left&#8221; i_align=&#8221;right&#8221; i_type=&#8221;openiconic&#8221; i_icon_openiconic=&#8221;vc-oi vc-oi-chat&#8221; add_icon=&#8221;true&#8221; link=&#8221;url:%2Faztinnova%2Fcontacto&#8221;][\/vc_column_inner][\/vc_row_inner]<div class=\"ult-spacer spacer-69f5ccafdb5db\" data-id=\"69f5ccafdb5db\" data-height=\"20\" data-height-mobile=\"20\" data-height-tab=\"20\" data-height-tab-portrait=\"20\" data-height-mobile-landscape=\"20\" style=\"clear:both;display:block;\"><\/div>[\/vc_column][vc_column width=&#8221;1\/6&#8243;][\/vc_column][\/vc_row]<\/p>\n<\/section>","protected":false},"excerpt":{"rendered":"<p>[vc_row content_placement=&#8221;middle&#8221; bg_type=&#8221;bg_color&#8221; bg_override=&#8221;full&#8221; seperator_enable=&#8221;seperator_enable_value&#8221; seperator_position=&#8221;bottom_seperator&#8221; icon_type=&#8221;selector&#8221; icon=&#8221;icomoon-the7-font-the7-arrow-05&#8243; icon_size=&#8221;20&#8243; icon_color=&#8221;#000000&#8243; bg_color_value=&#8221;rgba(0,0,0,0.06)&#8221; css=&#8221;.vc_custom_1604317725684{margin-top: -70px !important;padding-top: 20px !important;padding-bottom: 20px !important;}&#8221;][vc_column][\/vc_column][\/vc_row][vc_row][vc_column][vc_row_inner][vc_column_inner width=&#8221;1\/2&#8243;][vc_column_text]En AZTI apostamos por en el conocimiento abierto y colaborativo como la principal palanca para construir un futuro m\u00e1s justo, saludable y sostenible.[\/vc_column_text][\/vc_column_inner][vc_column_inner width=&#8221;1\/2&#8243;][vc_column_text]La colaboraci\u00f3n de empresas, consumidores y sociedad es el eje fundamental sobre el cual&hellip;<\/p>\n","protected":false},"author":57,"featured_media":0,"parent":0,"menu_order":35,"comment_status":"closed","ping_status":"closed","template":"","meta":[],"yoast_head":"<!-- This site is optimized with the Yoast SEO plugin v20.2.1 - https:\/\/yoast.com\/wordpress\/plugins\/seo\/ -->\n<title>Innovaci\u00f3n abierta - Aztinnova<\/title>\n<meta name=\"description\" content=\"La colaboraci\u00f3n de empresas, consumidores y sociedad es la principal palanca para construir un futuro m\u00e1s justo, saludable y sostenible\" \/>\n<meta name=\"robots\" content=\"index, follow, max-snippet:-1, max-image-preview:large, max-video-preview:-1\" \/>\n<link rel=\"canonical\" href=\"https:\/\/www.azti.es\/aztinnova\/innovacion-abierta\/\" \/>\n<meta property=\"og:locale\" content=\"es_ES\" \/>\n<meta property=\"og:type\" content=\"article\" \/>\n<meta property=\"og:title\" content=\"Innovaci\u00f3n abierta - Aztinnova\" \/>\n<meta property=\"og:description\" content=\"La colaboraci\u00f3n de empresas, consumidores y sociedad es la principal palanca para construir un futuro m\u00e1s justo, saludable y sostenible\" \/>\n<meta property=\"og:url\" content=\"https:\/\/www.azti.es\/aztinnova\/innovacion-abierta\/\" \/>\n<meta property=\"og:site_name\" content=\"Aztinnova\" \/>\n<meta property=\"article:modified_time\" content=\"2021-08-05T11:10:27+00:00\" \/>\n<meta name=\"twitter:card\" content=\"summary_large_image\" \/>\n<meta name=\"twitter:label1\" content=\"Tiempo de lectura\" \/>\n\t<meta name=\"twitter:data1\" content=\"6 minutos\" \/>\n<script type=\"application\/ld+json\" class=\"yoast-schema-graph\">{\"@context\":\"https:\/\/schema.org\",\"@graph\":[{\"@type\":\"WebPage\",\"@id\":\"https:\/\/www.azti.es\/aztinnova\/innovacion-abierta\/\",\"url\":\"https:\/\/www.azti.es\/aztinnova\/innovacion-abierta\/\",\"name\":\"Innovaci\u00f3n abierta - Aztinnova\",\"isPartOf\":{\"@id\":\"https:\/\/www.azti.es\/aztinnova\/#website\"},\"datePublished\":\"2020-11-19T14:06:19+00:00\",\"dateModified\":\"2021-08-05T11:10:27+00:00\",\"description\":\"La colaboraci\u00f3n de empresas, consumidores y sociedad es la principal palanca para construir un futuro m\u00e1s justo, saludable y sostenible\",\"inLanguage\":\"es\",\"potentialAction\":[{\"@type\":\"ReadAction\",\"target\":[\"https:\/\/www.azti.es\/aztinnova\/innovacion-abierta\/\"]}]},{\"@type\":\"WebSite\",\"@id\":\"https:\/\/www.azti.es\/aztinnova\/#website\",\"url\":\"https:\/\/www.azti.es\/aztinnova\/\",\"name\":\"Aztinnova\",\"description\":\"Comunidad de innovaci\u00f3n y networking\",\"potentialAction\":[{\"@type\":\"SearchAction\",\"target\":{\"@type\":\"EntryPoint\",\"urlTemplate\":\"https:\/\/www.azti.es\/aztinnova\/?s={search_term_string}\"},\"query-input\":\"required name=search_term_string\"}],\"inLanguage\":\"es\"}]}<\/script>\n<!-- \/ Yoast SEO plugin. -->","yoast_head_json":{"title":"Innovaci\u00f3n abierta - Aztinnova","description":"La colaboraci\u00f3n de empresas, consumidores y sociedad es la principal palanca para construir un futuro m\u00e1s justo, saludable y sostenible","robots":{"index":"index","follow":"follow","max-snippet":"max-snippet:-1","max-image-preview":"max-image-preview:large","max-video-preview":"max-video-preview:-1"},"canonical":"https:\/\/www.azti.es\/aztinnova\/innovacion-abierta\/","og_locale":"es_ES","og_type":"article","og_title":"Innovaci\u00f3n abierta - Aztinnova","og_description":"La colaboraci\u00f3n de empresas, consumidores y sociedad es la principal palanca para construir un futuro m\u00e1s justo, saludable y sostenible","og_url":"https:\/\/www.azti.es\/aztinnova\/innovacion-abierta\/","og_site_name":"Aztinnova","article_modified_time":"2021-08-05T11:10:27+00:00","twitter_card":"summary_large_image","twitter_misc":{"Tiempo de lectura":"6 minutos"},"schema":{"@context":"https:\/\/schema.org","@graph":[{"@type":"WebPage","@id":"https:\/\/www.azti.es\/aztinnova\/innovacion-abierta\/","url":"https:\/\/www.azti.es\/aztinnova\/innovacion-abierta\/","name":"Innovaci\u00f3n abierta - Aztinnova","isPartOf":{"@id":"https:\/\/www.azti.es\/aztinnova\/#website"},"datePublished":"2020-11-19T14:06:19+00:00","dateModified":"2021-08-05T11:10:27+00:00","description":"La colaboraci\u00f3n de empresas, consumidores y sociedad es la principal palanca para construir un futuro m\u00e1s justo, saludable y sostenible","inLanguage":"es","potentialAction":[{"@type":"ReadAction","target":["https:\/\/www.azti.es\/aztinnova\/innovacion-abierta\/"]}]},{"@type":"WebSite","@id":"https:\/\/www.azti.es\/aztinnova\/#website","url":"https:\/\/www.azti.es\/aztinnova\/","name":"Aztinnova","description":"Comunidad de innovaci\u00f3n y networking","potentialAction":[{"@type":"SearchAction","target":{"@type":"EntryPoint","urlTemplate":"https:\/\/www.azti.es\/aztinnova\/?s={search_term_string}"},"query-input":"required name=search_term_string"}],"inLanguage":"es"}]}},"_links":{"self":[{"href":"https:\/\/www.azti.es\/aztinnova\/wp-json\/wp\/v2\/pages\/1520"}],"collection":[{"href":"https:\/\/www.azti.es\/aztinnova\/wp-json\/wp\/v2\/pages"}],"about":[{"href":"https:\/\/www.azti.es\/aztinnova\/wp-json\/wp\/v2\/types\/page"}],"author":[{"embeddable":true,"href":"https:\/\/www.azti.es\/aztinnova\/wp-json\/wp\/v2\/users\/57"}],"replies":[{"embeddable":true,"href":"https:\/\/www.azti.es\/aztinnova\/wp-json\/wp\/v2\/comments?post=1520"}],"version-history":[{"count":0,"href":"https:\/\/www.azti.es\/aztinnova\/wp-json\/wp\/v2\/pages\/1520\/revisions"}],"wp:attachment":[{"href":"https:\/\/www.azti.es\/aztinnova\/wp-json\/wp\/v2\/media?parent=1520"}],"curies":[{"name":"wp","href":"https:\/\/api.w.org\/{rel}","templated":true}]}}