{"id":82,"date":"2016-08-09T10:37:15","date_gmt":"2016-08-09T10:37:15","guid":{"rendered":"http:\/\/www.azti.es\/atuneroscongeladores\/?page_id=82"},"modified":"2021-08-09T11:48:41","modified_gmt":"2021-08-09T09:48:41","slug":"situacion-de-las-principales-poblaciones-de-tunidos-tropicales","status":"publish","type":"page","link":"https:\/\/www.azti.es\/atuneroscongeladores\/recursos\/situacion-de-las-principales-poblaciones-de-tunidos-tropicales\/","title":{"rendered":"SITUACI\u00d3N DE LAS PRINCIPALES POBLACIONES DE T\u00daNIDOS TROPICALES"},"content":{"rendered":"<p>[cmsms_row data_padding_bottom=\u00bb80&#8243; data_padding_top=\u00bb80&#8243; data_bg_size=\u00bbcover\u00bb data_bg_attachment=\u00bbscroll\u00bb data_bg_repeat=\u00bbno-repeat\u00bb data_bg_position=\u00bbbottom center\u00bb data_bg_img=\u00bb119|http:\/\/www.azti.es\/atuneroscongeladores\/wp-content\/uploads\/2016\/08\/w-fondo1-1024&#215;487.jpg|large\u00bb data_color=\u00bbdefault\u00bb data_padding_right=\u00bb10&#8243; data_padding_left=\u00bb10&#8243; data_width=\u00bbfullwidth\u00bb][cmsms_column data_width=\u00bb1\/1&#8243;][cmsms_text animation_delay=\u00bb0&#8243;]<\/p>\n<h1 style=\"text-align: center; color: #ffffff; line-height: 40px; font-size: 32px; font-weight: bold;\">SITUACI\u00d3N DE LAS PRINCIPALES POBLACIONES DE T\u00daNIDOS TROPICALES<\/h1>\n<p>[\/cmsms_text][\/cmsms_column][\/cmsms_row][cmsms_row data_bg_color=\u00bb#e5e5e5&#8243; data_bg_color_custom=\u00bbtrue\u00bb data_padding_bottom=\u00bb30&#8243; data_padding_top=\u00bb50&#8243; data_color=\u00bbdefault\u00bb data_width=\u00bbboxed\u00bb][cmsms_column data_width=\u00bb1\/1&#8243;][cmsms_text animation_delay=\u00bb0&#8243;]<\/p>\n<p style=\"text-align: center; color: #9d5324;\">Resumen de la situaci\u00f3n de las poblaciones de t\u00fanidos tropicales de los Oc\u00e9anos \u00cdndico, Atl\u00e1ntico y Pac\u00edfico (Oriental y Occidental) as\u00ed como las conclusiones de los distintos comit\u00e9s cient\u00edficos y comisiones implicados en su evaluaci\u00f3n y gesti\u00f3n.<\/p>\n<p>[\/cmsms_text][\/cmsms_column][\/cmsms_row][cmsms_row data_bg_color=\u00bb#e5e5e5&#8243; data_bg_color_custom=\u00bbtrue\u00bb data_padding_bottom=\u00bb70&#8243; data_padding_top=\u00bb20&#8243; data_color=\u00bbdefault\u00bb data_padding_right=\u00bb3&#8243; data_padding_left=\u00bb3&#8243; data_width=\u00bbfullwidth\u00bb][cmsms_column data_width=\u00bb1\/4&#8243; data_classes=\u00bbfondo-w\u00bb][cmsms_image align=\u00bbcenter\u00bb animation_delay=\u00bb0&#8243;]143|http:\/\/www.azti.es\/atuneroscongeladores\/wp-content\/uploads\/2016\/08\/w-thanksgiving-tuna.jpg|full[\/cmsms_image][cmsms_heading type=\u00bbh4&#8243; font_weight=\u00bb400&#8243; font_style=\u00bbnormal\u00bb text_align=\u00bbleft\u00bb target=\u00bbself\u00bb margin_top=\u00bb20&#8243; margin_bottom=\u00bb20&#8243; animation_delay=\u00bb0&#8243; classes=\u00bbrecursos-seccion-h\u00bb]UN IMPORTANTE RECURSO SOCIOECON\u00d3MICO Y GARANTE DE SEGURIDAD ALIMENTARIA[\/cmsms_heading][cmsms_text animation_delay=\u00bb0&#8243;]<\/p>\n<p style=\"padding: 0px 20px 20px; font-size: 12px;\">De entre los recursos del mar que la industria conservera ha venido utilizando desde sus inicios, las especies de atunes ocupan, sin lugar a dudas, un papel significativo. Las principales especies comerciales de t\u00fanidos son el bonito, patudo, at\u00fan rojo del Atl\u00e1ntico, at\u00fan rojo del Pac\u00edfico at\u00fan rojo del sur, listado\u00a0 y rabil.<\/p>\n<p>[\/cmsms_text][cmsms_button button_link=\u00bbhttp:\/\/www.azti.es\/atuneroscongeladores\/2016\/08\/10\/un-importante-recurso-socioeconomico-y-fuente-de-proteinas\/\u00bb button_target=\u00bbself\u00bb button_text_align=\u00bbcenter\u00bb button_font_weight=\u00bb100&#8243; button_font_style=\u00bbnormal\u00bb button_padding_hor=\u00bb20&#8243; button_border_radius=\u00bb0&#8243; button_bg_color=\u00bb#9d5324&#8243; button_text_color=\u00bb#ffffff\u00bb button_border_color=\u00bb#ffffff\u00bb button_bg_color_h=\u00bb#ffffff\u00bb button_text_color_h=\u00bb#cccccc\u00bb button_border_color_h=\u00bb#cccccc\u00bb animation_delay=\u00bb0&#8243;]Leer m\u00e1s[\/cmsms_button][\/cmsms_column][cmsms_column data_width=\u00bb1\/4&#8243; data_classes=\u00bbfondo-w\u00bb][cmsms_image align=\u00bbcenter\u00bb animation_delay=\u00bb0&#8243;]142|http:\/\/www.azti.es\/atuneroscongeladores\/wp-content\/uploads\/2016\/08\/w-rabil.jpg|full[\/cmsms_image][cmsms_heading type=\u00bbh4&#8243; font_weight=\u00bb400&#8243; font_style=\u00bbnormal\u00bb text_align=\u00bbleft\u00bb target=\u00bbself\u00bb margin_top=\u00bb20&#8243; margin_bottom=\u00bb20&#8243; animation_delay=\u00bb0&#8243; classes=\u00bbrecursos-seccion-h\u00bb]RABIL (Thunnus albacares)[\/cmsms_heading][cmsms_text animation_delay=\u00bb0&#8243;]<\/p>\n<p style=\"padding: 0px 20px 20px; font-size: 12px;\">El rabil es un pez pel\u00e1gico, migratorio que se distribuye en aguas tropicales y subtropicales de los tres oc\u00e9anos (Atl\u00e1ntico, \u00cdndico y Pac\u00edfico). Con una talla m\u00e1xima de 280 cm (normalmente hasta 150 cm), alcanza un peso m\u00e1ximo de 200 kg y 8 a\u00f1os de vida. La captura del rabil recae principalmente en la flota de cerco, cebo vivo y palangre y representa alrededor del 25% de la captura de at\u00fan mundial, de los cuales cerca del 55% proviene de exclusivamente de la pesca de cerco.<\/p>\n<p>[\/cmsms_text][cmsms_button button_link=\u00bbhttp:\/\/www.azti.es\/atuneroscongeladores\/2016\/08\/10\/rabil-thunnus-albacares\/\u00bb button_target=\u00bbself\u00bb button_text_align=\u00bbcenter\u00bb button_font_weight=\u00bb100&#8243; button_font_style=\u00bbnormal\u00bb button_padding_hor=\u00bb20&#8243; button_border_radius=\u00bb0&#8243; button_bg_color=\u00bb#9d5324&#8243; button_text_color=\u00bb#ffffff\u00bb button_border_color=\u00bb#ffffff\u00bb button_bg_color_h=\u00bb#ffffff\u00bb button_text_color_h=\u00bb#cccccc\u00bb button_border_color_h=\u00bb#cccccc\u00bb animation_delay=\u00bb0&#8243;]Leer m\u00e1s[\/cmsms_button][\/cmsms_column][cmsms_column data_width=\u00bb1\/4&#8243; data_classes=\u00bbfondo-w\u00bb][cmsms_image align=\u00bbcenter\u00bb animation_delay=\u00bb0&#8243;]140|http:\/\/www.azti.es\/atuneroscongeladores\/wp-content\/uploads\/2016\/08\/w-listado.jpg|full[\/cmsms_image][cmsms_heading type=\u00bbh4&#8243; font_weight=\u00bb400&#8243; font_style=\u00bbnormal\u00bb text_align=\u00bbleft\u00bb target=\u00bbself\u00bb margin_top=\u00bb20&#8243; margin_bottom=\u00bb20&#8243; animation_delay=\u00bb0&#8243; classes=\u00bbrecursos-seccion-h\u00bb]LISTADO (Katsuwonus pelamis)[\/cmsms_heading][cmsms_text animation_delay=\u00bb0&#8243;]<\/p>\n<p style=\"padding: 0px 20px 20px; font-size: 12px;\">El listado es una especie pel\u00e1gica, gregaria, migratoria y cosmopolita que vive en aguas tropicales y templado-c\u00e1lidas. Con una talla m\u00e1xima de 180 cm (normalmente hasta 80 cm), alcanza un peso m\u00e1ximo de 35 kg y 8 a\u00f1os de vida. La captura del listado recae principalmente en las artes de cerco, cebo vivo y redes de deriva. El listado representa cerca del 45% de las capturas globales de t\u00fanidos, de las cuales el alrededor del 65% proviene de la pesca de cerco.<\/p>\n<p>[\/cmsms_text][cmsms_button button_link=\u00bbhttp:\/\/www.azti.es\/atuneroscongeladores\/2016\/08\/30\/listado-katsuwonus-pelamis\/\u00bb button_target=\u00bbself\u00bb button_text_align=\u00bbcenter\u00bb button_font_weight=\u00bb100&#8243; button_font_style=\u00bbnormal\u00bb button_padding_hor=\u00bb20&#8243; button_border_radius=\u00bb0&#8243; button_bg_color=\u00bb#9d5324&#8243; button_text_color=\u00bb#ffffff\u00bb button_border_color=\u00bb#ffffff\u00bb button_bg_color_h=\u00bb#ffffff\u00bb button_text_color_h=\u00bb#cccccc\u00bb button_border_color_h=\u00bb#cccccc\u00bb animation_delay=\u00bb0&#8243;]Leer m\u00e1s[\/cmsms_button][\/cmsms_column][cmsms_column data_width=\u00bb1\/4&#8243; data_classes=\u00bbfondo-w\u00bb][cmsms_image align=\u00bbcenter\u00bb animation_delay=\u00bb0&#8243;]141|http:\/\/www.azti.es\/atuneroscongeladores\/wp-content\/uploads\/2016\/08\/w-patudo.jpg|full[\/cmsms_image][cmsms_heading type=\u00bbh4&#8243; font_weight=\u00bb400&#8243; font_style=\u00bbnormal\u00bb text_align=\u00bbleft\u00bb target=\u00bbself\u00bb margin_top=\u00bb20&#8243; margin_bottom=\u00bb20&#8243; animation_delay=\u00bb0&#8243; classes=\u00bbrecursos-seccion-h\u00bb]PATUDO (Thunnus obesus)[\/cmsms_heading][cmsms_text animation_delay=\u00bb0&#8243;]<\/p>\n<p style=\"padding: 0px 20px 20px; font-size: 12px;\">El patudo es una especie pel\u00e1gica, gran migrador, que se distribuye por aguas tropicales y subtropicales del Atl\u00e1ntico, Pac\u00edfico e \u00cdndico. Con una talla m\u00e1xima de 250 cm (normalmente hasta 180 cm), alcanza un peso m\u00e1ximo de 210 kg y 15 a\u00f1os de vida. La captura del patudo recae fundamentalmente en las flotas de cerco, cebo vivo y palangre. La captura de patudo representa alrededor del 10% de la captura global de at\u00fan, de los cuales cerca del 40% proviene de la pesca de cerco.<\/p>\n<p>[\/cmsms_text][cmsms_button button_link=\u00bbhttp:\/\/www.azti.es\/atuneroscongeladores\/2016\/08\/30\/patudo-thunnus-obesus\/\u00bb button_target=\u00bbself\u00bb button_text_align=\u00bbcenter\u00bb button_font_weight=\u00bb100&#8243; button_font_style=\u00bbnormal\u00bb button_padding_hor=\u00bb20&#8243; button_border_radius=\u00bb0&#8243; button_bg_color=\u00bb#9d5324&#8243; button_text_color=\u00bb#ffffff\u00bb button_border_color=\u00bb#ffffff\u00bb button_bg_color_h=\u00bb#ffffff\u00bb button_text_color_h=\u00bb#cccccc\u00bb button_border_color_h=\u00bb#cccccc\u00bb animation_delay=\u00bb0&#8243;]Leer m\u00e1s[\/cmsms_button][\/cmsms_column][\/cmsms_row]<\/p>\n","protected":false},"excerpt":{"rendered":"<p>[cmsms_row data_padding_bottom=\u00bb80&#8243; data_padding_top=\u00bb80&#8243; data_bg_size=\u00bbcover\u00bb data_bg_attachment=\u00bbscroll\u00bb data_bg_repeat=\u00bbno-repeat\u00bb data_bg_position=\u00bbbottom center\u00bb data_bg_img=\u00bb119|http:\/\/www.azti.es\/atuneroscongeladores\/wp-content\/uploads\/2016\/08\/w-fondo1-1024&#215;487.jpg|large\u00bb data_color=\u00bbdefault\u00bb data_padding_right=\u00bb10&#8243; data_padding_left=\u00bb10&#8243; data_width=\u00bbfullwidth\u00bb][cmsms_column data_width=\u00bb1\/1&#8243;][cmsms_text animation_delay=\u00bb0&#8243;] SITUACI\u00d3N DE LAS PRINCIPALES POBLACIONES DE T\u00daNIDOS TROPICALES [\/cmsms_text][\/cmsms_column][\/cmsms_row][cmsms_row data_bg_color=\u00bb#e5e5e5&#8243; data_bg_color_custom=\u00bbtrue\u00bb data_padding_bottom=\u00bb30&#8243; data_padding_top=\u00bb50&#8243; data_color=\u00bbdefault\u00bb data_width=\u00bbboxed\u00bb][cmsms_column data_width=\u00bb1\/1&#8243;][cmsms_text animation_delay=\u00bb0&#8243;] Resumen de la situaci\u00f3n de las poblaciones de t\u00fanidos tropicales de los Oc\u00e9anos \u00cdndico, Atl\u00e1ntico y Pac\u00edfico (Oriental y Occidental) as\u00ed como las [&hellip;]<\/p>\n","protected":false},"author":2,"featured_media":0,"parent":8,"menu_order":0,"comment_status":"closed","ping_status":"closed","template":"","meta":{"footnotes":""},"class_list":["post-82","page","type-page","status-publish","hentry"],"_links":{"self":[{"href":"https:\/\/www.azti.es\/atuneroscongeladores\/wp-json\/wp\/v2\/pages\/82","targetHints":{"allow":["GET"]}}],"collection":[{"href":"https:\/\/www.azti.es\/atuneroscongeladores\/wp-json\/wp\/v2\/pages"}],"about":[{"href":"https:\/\/www.azti.es\/atuneroscongeladores\/wp-json\/wp\/v2\/types\/page"}],"author":[{"embeddable":true,"href":"https:\/\/www.azti.es\/atuneroscongeladores\/wp-json\/wp\/v2\/users\/2"}],"replies":[{"embeddable":true,"href":"https:\/\/www.azti.es\/atuneroscongeladores\/wp-json\/wp\/v2\/comments?post=82"}],"version-history":[{"count":50,"href":"https:\/\/www.azti.es\/atuneroscongeladores\/wp-json\/wp\/v2\/pages\/82\/revisions"}],"predecessor-version":[{"id":617,"href":"https:\/\/www.azti.es\/atuneroscongeladores\/wp-json\/wp\/v2\/pages\/82\/revisions\/617"}],"up":[{"embeddable":true,"href":"https:\/\/www.azti.es\/atuneroscongeladores\/wp-json\/wp\/v2\/pages\/8"}],"wp:attachment":[{"href":"https:\/\/www.azti.es\/atuneroscongeladores\/wp-json\/wp\/v2\/media?parent=82"}],"curies":[{"name":"wp","href":"https:\/\/api.w.org\/{rel}","templated":true}]}}