{"id":6,"date":"2016-08-08T15:44:34","date_gmt":"2016-08-08T15:44:34","guid":{"rendered":"http:\/\/www.azti.es\/atuneroscongeladores\/?page_id=6"},"modified":"2021-08-09T12:45:43","modified_gmt":"2021-08-09T10:45:43","slug":"home","status":"publish","type":"page","link":"https:\/\/www.azti.es\/atuneroscongeladores\/","title":{"rendered":"HOME"},"content":{"rendered":"<p>[cmsms_row data_padding_bottom=\u00bb70&#8243; data_padding_top=\u00bb70&#8243; data_bg_parallax_ratio=\u00bb0.5&#8243; data_bg_size=\u00bbcover\u00bb data_bg_attachment=\u00bbscroll\u00bb data_bg_repeat=\u00bbno-repeat\u00bb data_bg_position=\u00bbcenter center\u00bb data_bg_img=\u00bb105|http:\/\/www.azti.es\/atuneroscongeladores\/wp-content\/uploads\/2016\/08\/w-fondo1-2-aparejua032-150&#215;150.jpg|thumbnail\u00bb data_color=\u00bbdefault\u00bb data_padding_right=\u00bb0&#8243; data_padding_left=\u00bb0&#8243; data_width=\u00bbfullwidth\u00bb][cmsms_column data_width=\u00bb1\/1&#8243;][cmsms_heading type=\u00bbh1&#8243; font_size=\u00bb38&#8243; font_weight=\u00bbbold\u00bb font_style=\u00bbnormal\u00bb text_align=\u00bbcenter\u00bb target=\u00bbself\u00bb custom_colors=\u00bbtrue\u00bb color=\u00bb#ffffff\u00bb color_transparency=\u00bb100&#8243; margin_top=\u00bb20&#8243; margin_bottom=\u00bb20&#8243; animation_delay=\u00bb0&#8243; classes=\u00bbinicio1&#8243;]PESCA SOSTENIBLE Y RESPONSABLE DEL AT\u00daN[\/cmsms_heading][cmsms_divider type=\u00bbtransparent\u00bb margin_top=\u00bb15&#8243; margin_bottom=\u00bb15&#8243; animation_delay=\u00bb0&#8243;][cmsms_text animation_delay=\u00bb0&#8243; classes=\u00bbinicio1&#8243;]<\/p>\n<p style=\"text-align: center; color: #fff; margin: 0px 80px;\">El sector atunero congelador espa\u00f1ol trabaja, en colaboraci\u00f3n con el centro tecnol\u00f3gico AZTI, en minimizar los posibles impactos no deseados de la actividad pesquera. La colaboraci\u00f3n entre la industria y la ciencia tiene como fin el garantizar la sostenibilidad a largo plazo de los recursos naturales a trav\u00e9s de las mejores pr\u00e1cticas de explotaci\u00f3n y gesti\u00f3n, sobre la base del mejor conocimiento cient\u00edfico.<\/p>\n<p>[\/cmsms_text][\/cmsms_column][\/cmsms_row][cmsms_row data_width=\u00bbfullwidth\u00bb data_padding_left=\u00bb10&#8243; data_padding_right=\u00bb10&#8243; data_color=\u00bbdefault\u00bb data_bg_img=\u00bb36|http:\/\/www.azti.es\/atuneroscongeladores\/wp-content\/uploads\/2016\/08\/w-fondo2-300&#215;169.jpg|medium\u00bb data_bg_position=\u00bbtop center\u00bb data_bg_repeat=\u00bbno-repeat\u00bb data_bg_attachment=\u00bbscroll\u00bb data_bg_size=\u00bbcover\u00bb data_bg_parallax_ratio=\u00bb0.5&#8243; data_padding_top=\u00bb50&#8243; data_padding_bottom=\u00bb50&#8243;][cmsms_column data_width=\u00bb1\/1&#8243; data_classes=\u00bbrecursos-izquierda\u00bb][cmsms_heading type=\u00bbh2&#8243; font_size=\u00bb38&#8243; font_weight=\u00bbbold\u00bb font_style=\u00bbnormal\u00bb text_align=\u00bbcenter\u00bb target=\u00bbself\u00bb custom_colors=\u00bbtrue\u00bb color=\u00bb#ffffff\u00bb color_transparency=\u00bb100&#8243; margin_top=\u00bb20&#8243; margin_bottom=\u00bb50&#8243; animation_delay=\u00bb0&#8243;]RECURSOS[\/cmsms_heading][cmsms_text animation_delay=\u00bb0&#8243;]<\/p>\n<ul id=\"recursos_inicio\">\n<li id=\"situac\"><a href=\"http:\/\/www.azti.es\/atuneroscongeladores\/recursos\/situacion-de-las-principales-poblaciones-de-tunidos-tropicales\/\"><img loading=\"lazy\" decoding=\"async\" class=\"wp-image-31 size-thumbnail aligncenter\" src=\"http:\/\/www.azti.es\/atuneroscongeladores\/wp-content\/uploads\/2016\/08\/situacion_recursos-150x150.png\" alt=\"situacion_recursos\" width=\"150\" height=\"150\" srcset=\"https:\/\/www.azti.es\/atuneroscongeladores\/wp-content\/uploads\/2016\/08\/situacion_recursos-150x150.png 150w, https:\/\/www.azti.es\/atuneroscongeladores\/wp-content\/uploads\/2016\/08\/situacion_recursos-300x300.png 300w, https:\/\/www.azti.es\/atuneroscongeladores\/wp-content\/uploads\/2016\/08\/situacion_recursos-55x55.png 55w, https:\/\/www.azti.es\/atuneroscongeladores\/wp-content\/uploads\/2016\/08\/situacion_recursos-250x250.png 250w, https:\/\/www.azti.es\/atuneroscongeladores\/wp-content\/uploads\/2016\/08\/situacion_recursos.png 481w\" sizes=\"auto, (max-width: 150px) 100vw, 150px\" \/><\/a><a href=\"http:\/\/www.azti.es\/atuneroscongeladores\/recursos\/situacion-de-las-principales-poblaciones-de-tunidos-tropicales\/\">SITUACI\u00d3N DE LAS PRINCIPALES POBLACIONES DE T\u00daNIDOS TROPICALES<\/a><\/li>\n<li id=\"buenas\"><a href=\"http:\/\/www.azti.es\/atuneroscongeladores\/recursos\/buenas-practicas-para-una-pesca-atunera-de-cerco-responsable\/\"><img loading=\"lazy\" decoding=\"async\" class=\"wp-image-30 size-thumbnail aligncenter\" src=\"http:\/\/www.azti.es\/atuneroscongeladores\/wp-content\/uploads\/2016\/08\/buenas_practicas-150x150.png\" alt=\"buenas_practicas\" width=\"150\" height=\"150\" srcset=\"https:\/\/www.azti.es\/atuneroscongeladores\/wp-content\/uploads\/2016\/08\/buenas_practicas-150x150.png 150w, https:\/\/www.azti.es\/atuneroscongeladores\/wp-content\/uploads\/2016\/08\/buenas_practicas-300x300.png 300w, https:\/\/www.azti.es\/atuneroscongeladores\/wp-content\/uploads\/2016\/08\/buenas_practicas-55x55.png 55w, https:\/\/www.azti.es\/atuneroscongeladores\/wp-content\/uploads\/2016\/08\/buenas_practicas-250x250.png 250w, https:\/\/www.azti.es\/atuneroscongeladores\/wp-content\/uploads\/2016\/08\/buenas_practicas.png 481w\" sizes=\"auto, (max-width: 150px) 100vw, 150px\" \/>BUENAS PR\u00c1CTICAS PARA UNA PESCA ATUNERA DE CERCO RESPONSABLE<\/a><\/li>\n<\/ul>\n<p>[\/cmsms_text][\/cmsms_column][\/cmsms_row][cmsms_row data_width=\u00bbfullwidth\u00bb data_padding_left=\u00bb10&#8243; data_padding_right=\u00bb10&#8243; data_color=\u00bbdefault\u00bb data_bg_img=\u00bb37|http:\/\/www.azti.es\/atuneroscongeladores\/wp-content\/uploads\/2016\/08\/w-fondo3-aparejua038-300&#215;200.jpg|medium\u00bb data_bg_position=\u00bbcenter center\u00bb data_bg_repeat=\u00bbno-repeat\u00bb data_bg_attachment=\u00bbscroll\u00bb data_bg_size=\u00bbcover\u00bb data_bg_parallax_ratio=\u00bb0.5&#8243; data_padding_top=\u00bb50&#8243; data_padding_bottom=\u00bb50&#8243;][cmsms_column data_width=\u00bb1\/1&#8243;][cmsms_heading type=\u00bbh2&#8243; font_size=\u00bb38&#8243; font_weight=\u00bbbold\u00bb font_style=\u00bbnormal\u00bb text_align=\u00bbcenter\u00bb target=\u00bbself\u00bb custom_colors=\u00bbtrue\u00bb color=\u00bb#ffffff\u00bb color_transparency=\u00bb100&#8243; margin_top=\u00bb20&#8243; margin_bottom=\u00bb20&#8243; animation_delay=\u00bb0&#8243;]NOTICIAS[\/cmsms_heading][cmsms_posts_slider orderby=\u00bbdate\u00bb order=\u00bbDESC\u00bb post_type=\u00bbpost\u00bb blog_categories=\u00bbbilbao,fads,sin-categoria,sukarrieta\u00bb columns=\u00bb4&#8243; count=\u00bb8&#8243; pause=\u00bb5&#8243; blog_metadata=\u00bbtitle\u00bb animation_delay=\u00bb0&#8243; classes=\u00bbpost-inicio\u00bb][cmsms_button button_link=\u00bbhttp:\/\/www.azti.es\/atuneroscongeladores\/noticias\/\u00bb button_target=\u00bbself\u00bb button_text_align=\u00bbcenter\u00bb button_font_weight=\u00bbbold\u00bb button_font_style=\u00bbnormal\u00bb button_padding_hor=\u00bb20&#8243; button_border_width=\u00bb0&#8243; button_text_color=\u00bb#9d5324&#8243; button_text_color_h=\u00bb#ffffff\u00bb animation_delay=\u00bb0&#8243;]VER TODAS LAS NOTICIAS[\/cmsms_button][\/cmsms_column][\/cmsms_row]<\/p>\n\n\n<p><\/p>\n","protected":false},"excerpt":{"rendered":"<p>[cmsms_row data_padding_bottom=\u00bb70&#8243; data_padding_top=\u00bb70&#8243; data_bg_parallax_ratio=\u00bb0.5&#8243; data_bg_size=\u00bbcover\u00bb data_bg_attachment=\u00bbscroll\u00bb data_bg_repeat=\u00bbno-repeat\u00bb data_bg_position=\u00bbcenter center\u00bb data_bg_img=\u00bb105|http:\/\/www.azti.es\/atuneroscongeladores\/wp-content\/uploads\/2016\/08\/w-fondo1-2-aparejua032-150&#215;150.jpg|thumbnail\u00bb data_color=\u00bbdefault\u00bb data_padding_right=\u00bb0&#8243; data_padding_left=\u00bb0&#8243; data_width=\u00bbfullwidth\u00bb][cmsms_column data_width=\u00bb1\/1&#8243;][cmsms_heading type=\u00bbh1&#8243; font_size=\u00bb38&#8243; font_weight=\u00bbbold\u00bb font_style=\u00bbnormal\u00bb text_align=\u00bbcenter\u00bb target=\u00bbself\u00bb custom_colors=\u00bbtrue\u00bb color=\u00bb#ffffff\u00bb color_transparency=\u00bb100&#8243; margin_top=\u00bb20&#8243; margin_bottom=\u00bb20&#8243; animation_delay=\u00bb0&#8243; classes=\u00bbinicio1&#8243;]PESCA SOSTENIBLE Y RESPONSABLE DEL AT\u00daN[\/cmsms_heading][cmsms_divider type=\u00bbtransparent\u00bb margin_top=\u00bb15&#8243; margin_bottom=\u00bb15&#8243; animation_delay=\u00bb0&#8243;][cmsms_text animation_delay=\u00bb0&#8243; classes=\u00bbinicio1&#8243;] El sector atunero congelador espa\u00f1ol trabaja, en colaboraci\u00f3n con el centro tecnol\u00f3gico AZTI, en minimizar los [&hellip;]<\/p>\n","protected":false},"author":2,"featured_media":0,"parent":0,"menu_order":0,"comment_status":"closed","ping_status":"closed","template":"","meta":{"footnotes":""},"class_list":["post-6","page","type-page","status-publish","hentry"],"_links":{"self":[{"href":"https:\/\/www.azti.es\/atuneroscongeladores\/wp-json\/wp\/v2\/pages\/6","targetHints":{"allow":["GET"]}}],"collection":[{"href":"https:\/\/www.azti.es\/atuneroscongeladores\/wp-json\/wp\/v2\/pages"}],"about":[{"href":"https:\/\/www.azti.es\/atuneroscongeladores\/wp-json\/wp\/v2\/types\/page"}],"author":[{"embeddable":true,"href":"https:\/\/www.azti.es\/atuneroscongeladores\/wp-json\/wp\/v2\/users\/2"}],"replies":[{"embeddable":true,"href":"https:\/\/www.azti.es\/atuneroscongeladores\/wp-json\/wp\/v2\/comments?post=6"}],"version-history":[{"count":66,"href":"https:\/\/www.azti.es\/atuneroscongeladores\/wp-json\/wp\/v2\/pages\/6\/revisions"}],"predecessor-version":[{"id":620,"href":"https:\/\/www.azti.es\/atuneroscongeladores\/wp-json\/wp\/v2\/pages\/6\/revisions\/620"}],"wp:attachment":[{"href":"https:\/\/www.azti.es\/atuneroscongeladores\/wp-json\/wp\/v2\/media?parent=6"}],"curies":[{"name":"wp","href":"https:\/\/api.w.org\/{rel}","templated":true}]}}